{"id":30262,"date":"2024-05-30T18:39:15","date_gmt":"2024-05-30T18:39:15","guid":{"rendered":"https:\/\/npoeustg.wpenginepowered.com\/medical\/"},"modified":"2024-12-31T15:49:36","modified_gmt":"2024-12-31T15:49:36","slug":"medical","status":"publish","type":"page","link":"http:\/\/www.npo.eu.com\/fr\/medical\/","title":{"rendered":"M\u00e9dical"},"content":{"rendered":"\t\t<div data-elementor-type=\"wp-page\" data-elementor-id=\"30262\" class=\"elementor elementor-30262 elementor-29452\" data-elementor-post-type=\"page\">\n\t\t\t\t<div class=\"elementor-element elementor-element-6315661 top-banner-interior-page e-flex e-con-boxed e-con e-parent\" data-id=\"6315661\" data-element_type=\"container\" data-settings=\"{&quot;background_background&quot;:&quot;classic&quot;,&quot;jet_parallax_layout_list&quot;:[]}\">\n\t\t\t\t\t<div class=\"e-con-inner\">\n\t\t\t\t<div class=\"elementor-element elementor-element-4cb1bd1 elementor-widget__width-inherit section-titles elementor-widget elementor-widget-heading\" data-id=\"4cb1bd1\" data-element_type=\"widget\" data-widget_type=\"heading.default\">\n\t\t\t\t<div class=\"elementor-widget-container\">\n\t\t\t\t\t<h2 class=\"elementor-heading-title elementor-size-default\">Blindage pour la m\u00e9decine nucl\u00e9aire<\/h2>\t\t\t\t<\/div>\n\t\t\t\t<\/div>\n\t\t\t\t\t<\/div>\n\t\t\t\t<\/div>\n\t\t<div class=\"elementor-element elementor-element-2791134 e-con-full top-banner-bottom-bar-container e-flex e-con e-parent\" data-id=\"2791134\" data-element_type=\"container\" data-settings=\"{&quot;background_background&quot;:&quot;classic&quot;,&quot;jet_parallax_layout_list&quot;:[]}\">\n\t\t\t\t<div class=\"elementor-element elementor-element-7f68455 elementor-widget__width-inherit top-banner-bottom-bar-spacer elementor-widget elementor-widget-spacer\" data-id=\"7f68455\" data-element_type=\"widget\" data-widget_type=\"spacer.default\">\n\t\t\t\t<div class=\"elementor-widget-container\">\n\t\t\t\t\t\t\t<div class=\"elementor-spacer\">\n\t\t\t<div class=\"elementor-spacer-inner\"><\/div>\n\t\t<\/div>\n\t\t\t\t\t\t<\/div>\n\t\t\t\t<\/div>\n\t\t\t\t<\/div>\n\t\t<div class=\"elementor-element elementor-element-7b7e57d e-flex e-con-boxed e-con e-parent\" data-id=\"7b7e57d\" data-element_type=\"container\" data-settings=\"{&quot;background_background&quot;:&quot;classic&quot;,&quot;jet_parallax_layout_list&quot;:[]}\">\n\t\t\t\t\t<div class=\"e-con-inner\">\n\t\t<div class=\"elementor-element elementor-element-f4998f5 e-con-full e-flex e-con e-child\" data-id=\"f4998f5\" data-element_type=\"container\" data-settings=\"{&quot;background_background&quot;:&quot;classic&quot;,&quot;jet_parallax_layout_list&quot;:[]}\">\n\t\t<div class=\"elementor-element elementor-element-001baa6 e-con-full e-flex e-con e-child\" data-id=\"001baa6\" data-element_type=\"container\" data-settings=\"{&quot;jet_parallax_layout_list&quot;:[]}\">\n\t\t\t\t<div class=\"elementor-element elementor-element-ab642ed elementor-widget elementor-widget-heading\" data-id=\"ab642ed\" data-element_type=\"widget\" data-widget_type=\"heading.default\">\n\t\t\t\t<div class=\"elementor-widget-container\">\n\t\t\t\t\t<h2 class=\"elementor-heading-title elementor-size-default\">Le blindage en m\u00e9decine nucl\u00e9aire<\/h2>\t\t\t\t<\/div>\n\t\t\t\t<\/div>\n\t\t\t\t<div class=\"elementor-element elementor-element-a1a4d21 elementor-widget elementor-widget-text-editor\" data-id=\"a1a4d21\" data-element_type=\"widget\" data-widget_type=\"text-editor.default\">\n\t\t\t\t<div class=\"elementor-widget-container\">\n\t\t\t\t\t\t\t\t\t<p>La conception d&rsquo;un blindage pour les diff\u00e9rents radionucl\u00e9ides utilis\u00e9s en imagerie et en th\u00e9rapeutique en m\u00e9decine nucl\u00e9aire n\u00e9cessite une compr\u00e9hension de la cha\u00eene de d\u00e9sint\u00e9gration et des types de rayonnements \u00e9mis tout au long de celle-ci. Les \u00e9metteurs TEP (F-18, C-11, Ga-68), les radio-isotopes TEMP (I-123, Tc-99m, Th-201), les radionucl\u00e9ides de th\u00e9rapie alpha (Ra-223, Ac-225, Th-227, Pb-212, As-111) et les \u00e9metteurs b\u00eata (I-131, Lu-177) ont des besoins diff\u00e9rents en mati\u00e8re de blindage pour le transport et la s\u00e9curit\u00e9 des personnes.<\/p>\n<p>NPO collabore avec les experts en radiochimie de sa soci\u00e9t\u00e9 s\u0153ur, <strong> <a href=\"https:\/\/www.eichrom.com\/\" target=\"_blank\" rel=\"noopener\">Eichrom Technologies<\/a> <\/strong>qui travaillent \u00e0 l&rsquo;avant-garde de la chimie de s\u00e9paration en m\u00e9decine nucl\u00e9aire, afin de concevoir un blindage pour la m\u00e9decine nucl\u00e9aire adapt\u00e9 \u00e0 ces situations complexes. Notre laboratoire nous permet de tester et de d\u00e9velopper des blindages en utilisant des sources radioactives chaudes dans un environnement similaire \u00e0 celui de la radiopharmacie.<\/p>\n\t\t\t\t\t\t\t\t<\/div>\n\t\t\t\t<\/div>\n\t\t<div class=\"elementor-element elementor-element-8265911 elementor-hidden-desktop elementor-hidden-tablet elementor-hidden-mobile e-flex e-con-boxed e-con e-child\" data-id=\"8265911\" data-element_type=\"container\" data-settings=\"{&quot;jet_parallax_layout_list&quot;:[]}\">\n\t\t\t\t\t<div class=\"e-con-inner\">\n\t\t\t\t<div class=\"elementor-element elementor-element-19f8fa7 elementor-align-center elementor-widget elementor-widget-button\" data-id=\"19f8fa7\" data-element_type=\"widget\" data-widget_type=\"button.default\">\n\t\t\t\t<div class=\"elementor-widget-container\">\n\t\t\t\t\t\t\t\t\t<div class=\"elementor-button-wrapper\">\n\t\t\t\t\t<a class=\"elementor-button elementor-button-link elementor-size-md\" href=\"\/wp-content\/uploads\/2024\/02\/T-Flex-Shielding.pdf\" target=\"_blank\">\n\t\t\t\t\t\t<span class=\"elementor-button-content-wrapper\">\n\t\t\t\t\t\t\t\t\t<span class=\"elementor-button-text\">Sp\u00e9cifications techniques<\/span>\n\t\t\t\t\t<\/span>\n\t\t\t\t\t<\/a>\n\t\t\t\t<\/div>\n\t\t\t\t\t\t\t\t<\/div>\n\t\t\t\t<\/div>\n\t\t\t\t\t<\/div>\n\t\t\t\t<\/div>\n\t\t\t\t<\/div>\n\t\t\t\t<\/div>\n\t\t\t\t\t<\/div>\n\t\t\t\t<\/div>\n\t\t<div class=\"elementor-element elementor-element-baa3601 e-flex e-con-boxed e-con e-parent\" data-id=\"baa3601\" data-element_type=\"container\" data-settings=\"{&quot;background_background&quot;:&quot;classic&quot;,&quot;jet_parallax_layout_list&quot;:[]}\">\n\t\t\t\t\t<div class=\"e-con-inner\">\n\t\t\t\t<div class=\"elementor-element elementor-element-90a1bfa section-titles elementor-widget elementor-widget-heading\" data-id=\"90a1bfa\" data-element_type=\"widget\" data-widget_type=\"heading.default\">\n\t\t\t\t<div class=\"elementor-widget-container\">\n\t\t\t\t\t<h2 class=\"elementor-heading-title elementor-size-default\">Applications m\u00e9dicales<\/h2>\t\t\t\t<\/div>\n\t\t\t\t<\/div>\n\t\t\t\t<div class=\"elementor-element elementor-element-988f696 elementor-grid-3 elementor-grid-tablet-1 elementor-grid-mobile-1 elementor-widget elementor-widget-loop-grid\" data-id=\"988f696\" data-element_type=\"widget\" data-settings=\"{&quot;template_id&quot;:30195,&quot;columns&quot;:3,&quot;pagination_type&quot;:&quot;load_more_on_click&quot;,&quot;columns_tablet&quot;:1,&quot;_skin&quot;:&quot;post&quot;,&quot;columns_mobile&quot;:&quot;1&quot;,&quot;edit_handle_selector&quot;:&quot;[data-elementor-type=\\&quot;loop-item\\&quot;]&quot;,&quot;load_more_spinner&quot;:{&quot;value&quot;:&quot;fas fa-spinner&quot;,&quot;library&quot;:&quot;fa-solid&quot;},&quot;row_gap&quot;:{&quot;unit&quot;:&quot;px&quot;,&quot;size&quot;:&quot;&quot;,&quot;sizes&quot;:[]},&quot;row_gap_tablet&quot;:{&quot;unit&quot;:&quot;px&quot;,&quot;size&quot;:&quot;&quot;,&quot;sizes&quot;:[]},&quot;row_gap_mobile&quot;:{&quot;unit&quot;:&quot;px&quot;,&quot;size&quot;:&quot;&quot;,&quot;sizes&quot;:[]}}\" data-widget_type=\"loop-grid.post\">\n\t\t\t\t<div class=\"elementor-widget-container\">\n\t\t\t\t\t\t\t<div class=\"e-loop-nothing-found-message\">\n\t\t<\/div>\n\t\t\t\t\t\t<\/div>\n\t\t\t\t<\/div>\n\t\t\t\t\t<\/div>\n\t\t\t\t<\/div>\n\t\t<div class=\"elementor-element elementor-element-5f43938 e-con-full e-flex e-con e-parent\" data-id=\"5f43938\" data-element_type=\"container\" data-settings=\"{&quot;jet_parallax_layout_list&quot;:[]}\">\n\t\t\t\t<div class=\"elementor-element elementor-element-30b6ebe elementor-widget elementor-widget-template\" data-id=\"30b6ebe\" data-element_type=\"widget\" data-widget_type=\"template.default\">\n\t\t\t\t<div class=\"elementor-widget-container\">\n\t\t\t\t\t\t\t<div class=\"elementor-template\">\n\t\t\t\t\t<div data-elementor-type=\"section\" data-elementor-id=\"30196\" class=\"elementor elementor-30196 elementor-29459\" data-elementor-post-type=\"elementor_library\">\n\t\t\t<div class=\"elementor-element elementor-element-b84ca90 e-con-full e-flex e-con e-parent\" data-id=\"b84ca90\" data-element_type=\"container\" data-settings=\"{&quot;background_background&quot;:&quot;classic&quot;,&quot;jet_parallax_layout_list&quot;:[]}\">\n\t\t<div class=\"elementor-element elementor-element-a82f9c2 e-con-full e-flex e-con e-child\" data-id=\"a82f9c2\" data-element_type=\"container\" data-settings=\"{&quot;background_background&quot;:&quot;classic&quot;,&quot;jet_parallax_layout_list&quot;:[]}\">\n\t\t<div class=\"elementor-element elementor-element-37cbc04 e-flex e-con-boxed e-con e-child\" data-id=\"37cbc04\" data-element_type=\"container\" data-settings=\"{&quot;jet_parallax_layout_list&quot;:[]}\">\n\t\t\t\t\t<div class=\"e-con-inner\">\n\t\t\t\t<div class=\"elementor-element elementor-element-9873fc0 elementor-widget elementor-widget-heading\" data-id=\"9873fc0\" data-element_type=\"widget\" data-widget_type=\"heading.default\">\n\t\t\t\t<div class=\"elementor-widget-container\">\n\t\t\t\t\t<h2 class=\"elementor-heading-title elementor-size-default\">Vous souhaitez en savoir plus sur nos produits ?<\/h2>\t\t\t\t<\/div>\n\t\t\t\t<\/div>\n\t\t\t\t<div class=\"elementor-element elementor-element-8b7d684 elementor-widget elementor-widget-text-editor\" data-id=\"8b7d684\" data-element_type=\"widget\" data-widget_type=\"text-editor.default\">\n\t\t\t\t<div class=\"elementor-widget-container\">\n\t\t\t\t\t\t\t\t\t<p>Envoyez-nous un message via notre formulaire de contact et nous r\u00e9pondrons \u00e0 toutes vos questions.<\/p>\n\t\t\t\t\t\t\t\t<\/div>\n\t\t\t\t<\/div>\n\t\t\t\t<div class=\"elementor-element elementor-element-3423244 elementor-align-left elementor-widget elementor-widget-button\" data-id=\"3423244\" data-element_type=\"widget\" data-widget_type=\"button.default\">\n\t\t\t\t<div class=\"elementor-widget-container\">\n\t\t\t\t\t\t\t\t\t<div class=\"elementor-button-wrapper\">\n\t\t\t\t\t<a class=\"elementor-button elementor-button-link elementor-size-md\" href=\"http:\/\/www.npo.eu.com\/fr\/contact\/\">\n\t\t\t\t\t\t<span class=\"elementor-button-content-wrapper\">\n\t\t\t\t\t\t\t\t\t<span class=\"elementor-button-text\">Contactez nous<\/span>\n\t\t\t\t\t<\/span>\n\t\t\t\t\t<\/a>\n\t\t\t\t<\/div>\n\t\t\t\t\t\t\t\t<\/div>\n\t\t\t\t<\/div>\n\t\t\t\t\t<\/div>\n\t\t\t\t<\/div>\n\t\t\t\t<\/div>\n\t\t<div class=\"elementor-element elementor-element-bc07640 e-con-full e-flex e-con e-child\" data-id=\"bc07640\" data-element_type=\"container\" data-settings=\"{&quot;background_background&quot;:&quot;classic&quot;,&quot;jet_parallax_layout_list&quot;:[]}\">\n\t\t\t\t<\/div>\n\t\t\t\t<\/div>\n\t\t\t\t<\/div>\n\t\t\t\t<\/div>\n\t\t\t\t\t\t<\/div>\n\t\t\t\t<\/div>\n\t\t\t\t<\/div>\n\t\t\t\t<\/div>\n\t\t","protected":false},"excerpt":{"rendered":"<p>Blindage pour la m\u00e9decine nucl\u00e9aire Le blindage en m\u00e9decine nucl\u00e9aire La conception d&rsquo;un blindage pour les diff\u00e9rents radionucl\u00e9ides utilis\u00e9s en imagerie et en th\u00e9rapeutique en m\u00e9decine nucl\u00e9aire n\u00e9cessite une compr\u00e9hension de la cha\u00eene de d\u00e9sint\u00e9gration et des types de rayonnements \u00e9mis tout au long de celle-ci. Les \u00e9metteurs TEP (F-18, C-11, Ga-68), les radio-isotopes TEMP [&hellip;]<\/p>\n","protected":false},"author":4,"featured_media":0,"parent":0,"menu_order":0,"comment_status":"closed","ping_status":"closed","template":"","meta":{"_acf_changed":false,"inline_featured_image":false,"footnotes":""},"class_list":["post-30262","page","type-page","status-publish","hentry"],"acf":[],"yoast_head":"<!-- This site is optimized with the Yoast SEO plugin v24.1 - https:\/\/yoast.com\/wordpress\/plugins\/seo\/ -->\n<title>Blindage pour la m\u00e9decine nucl\u00e9aire | NPO Europe<\/title>\n<meta name=\"robots\" content=\"index, follow, max-snippet:-1, max-image-preview:large, max-video-preview:-1\" \/>\n<link rel=\"canonical\" href=\"http:\/\/www.npo.eu.com\/fr\/medical\/\" \/>\n<meta property=\"og:locale\" content=\"fr_FR\" \/>\n<meta property=\"og:type\" content=\"article\" \/>\n<meta property=\"og:title\" content=\"Blindage pour la m\u00e9decine nucl\u00e9aire | NPO Europe\" \/>\n<meta property=\"og:description\" content=\"Blindage pour la m\u00e9decine nucl\u00e9aire Le blindage en m\u00e9decine nucl\u00e9aire La conception d&rsquo;un blindage pour les diff\u00e9rents radionucl\u00e9ides utilis\u00e9s en imagerie et en th\u00e9rapeutique en m\u00e9decine nucl\u00e9aire n\u00e9cessite une compr\u00e9hension de la cha\u00eene de d\u00e9sint\u00e9gration et des types de rayonnements \u00e9mis tout au long de celle-ci. Les \u00e9metteurs TEP (F-18, C-11, Ga-68), les radio-isotopes TEMP [&hellip;]\" \/>\n<meta property=\"og:url\" content=\"http:\/\/www.npo.eu.com\/fr\/medical\/\" \/>\n<meta property=\"og:site_name\" content=\"Nuclear Power Outfitters, LLC\" \/>\n<meta property=\"article:modified_time\" content=\"2024-12-31T15:49:36+00:00\" \/>\n<meta name=\"twitter:card\" content=\"summary_large_image\" \/>\n<meta name=\"twitter:label1\" content=\"Dur\u00e9e de lecture estim\u00e9e\" \/>\n\t<meta name=\"twitter:data1\" content=\"2 minutes\" \/>\n<script type=\"application\/ld+json\" class=\"yoast-schema-graph\">{\"@context\":\"https:\/\/schema.org\",\"@graph\":[{\"@type\":\"WebPage\",\"@id\":\"http:\/\/www.npo.eu.com\/fr\/medical\/\",\"url\":\"http:\/\/www.npo.eu.com\/fr\/medical\/\",\"name\":\"Blindage pour la m\u00e9decine nucl\u00e9aire | NPO Europe\",\"isPartOf\":{\"@id\":\"https:\/\/www.npo.eu.com\/fr\/#website\"},\"datePublished\":\"2024-05-30T18:39:15+00:00\",\"dateModified\":\"2024-12-31T15:49:36+00:00\",\"breadcrumb\":{\"@id\":\"http:\/\/www.npo.eu.com\/fr\/medical\/#breadcrumb\"},\"inLanguage\":\"fr-FR\",\"potentialAction\":[{\"@type\":\"ReadAction\",\"target\":[\"http:\/\/www.npo.eu.com\/fr\/medical\/\"]}]},{\"@type\":\"BreadcrumbList\",\"@id\":\"http:\/\/www.npo.eu.com\/fr\/medical\/#breadcrumb\",\"itemListElement\":[{\"@type\":\"ListItem\",\"position\":1,\"name\":\"Home\",\"item\":\"https:\/\/www.npo.eu.com\/fr\/\"},{\"@type\":\"ListItem\",\"position\":2,\"name\":\"M\u00e9dical\"}]},{\"@type\":\"WebSite\",\"@id\":\"https:\/\/www.npo.eu.com\/fr\/#website\",\"url\":\"https:\/\/www.npo.eu.com\/fr\/\",\"name\":\"Nuclear Power Outfitters, LLC\",\"description\":\"\",\"publisher\":{\"@id\":\"https:\/\/www.npo.eu.com\/fr\/#organization\"},\"potentialAction\":[{\"@type\":\"SearchAction\",\"target\":{\"@type\":\"EntryPoint\",\"urlTemplate\":\"https:\/\/www.npo.eu.com\/fr\/?s={search_term_string}\"},\"query-input\":{\"@type\":\"PropertyValueSpecification\",\"valueRequired\":true,\"valueName\":\"search_term_string\"}}],\"inLanguage\":\"fr-FR\"},{\"@type\":\"Organization\",\"@id\":\"https:\/\/www.npo.eu.com\/fr\/#organization\",\"name\":\"Nuclear Power Outfitters, LLC\",\"url\":\"https:\/\/www.npo.eu.com\/fr\/\",\"logo\":{\"@type\":\"ImageObject\",\"inLanguage\":\"fr-FR\",\"@id\":\"https:\/\/www.npo.eu.com\/fr\/#\/schema\/logo\/image\/\",\"url\":\"https:\/\/www.npo.eu.com\/wp-content\/uploads\/2024\/07\/NPO_Icon-696.png\",\"contentUrl\":\"https:\/\/www.npo.eu.com\/wp-content\/uploads\/2024\/07\/NPO_Icon-696.png\",\"width\":696,\"height\":696,\"caption\":\"Nuclear Power Outfitters, LLC\"},\"image\":{\"@id\":\"https:\/\/www.npo.eu.com\/fr\/#\/schema\/logo\/image\/\"}}]}<\/script>\n<!-- \/ Yoast SEO plugin. -->","yoast_head_json":{"title":"Blindage pour la m\u00e9decine nucl\u00e9aire | NPO Europe","robots":{"index":"index","follow":"follow","max-snippet":"max-snippet:-1","max-image-preview":"max-image-preview:large","max-video-preview":"max-video-preview:-1"},"canonical":"http:\/\/www.npo.eu.com\/fr\/medical\/","og_locale":"fr_FR","og_type":"article","og_title":"Blindage pour la m\u00e9decine nucl\u00e9aire | NPO Europe","og_description":"Blindage pour la m\u00e9decine nucl\u00e9aire Le blindage en m\u00e9decine nucl\u00e9aire La conception d&rsquo;un blindage pour les diff\u00e9rents radionucl\u00e9ides utilis\u00e9s en imagerie et en th\u00e9rapeutique en m\u00e9decine nucl\u00e9aire n\u00e9cessite une compr\u00e9hension de la cha\u00eene de d\u00e9sint\u00e9gration et des types de rayonnements \u00e9mis tout au long de celle-ci. Les \u00e9metteurs TEP (F-18, C-11, Ga-68), les radio-isotopes TEMP [&hellip;]","og_url":"http:\/\/www.npo.eu.com\/fr\/medical\/","og_site_name":"Nuclear Power Outfitters, LLC","article_modified_time":"2024-12-31T15:49:36+00:00","twitter_card":"summary_large_image","twitter_misc":{"Dur\u00e9e de lecture estim\u00e9e":"2 minutes"},"schema":{"@context":"https:\/\/schema.org","@graph":[{"@type":"WebPage","@id":"http:\/\/www.npo.eu.com\/fr\/medical\/","url":"http:\/\/www.npo.eu.com\/fr\/medical\/","name":"Blindage pour la m\u00e9decine nucl\u00e9aire | NPO Europe","isPartOf":{"@id":"https:\/\/www.npo.eu.com\/fr\/#website"},"datePublished":"2024-05-30T18:39:15+00:00","dateModified":"2024-12-31T15:49:36+00:00","breadcrumb":{"@id":"http:\/\/www.npo.eu.com\/fr\/medical\/#breadcrumb"},"inLanguage":"fr-FR","potentialAction":[{"@type":"ReadAction","target":["http:\/\/www.npo.eu.com\/fr\/medical\/"]}]},{"@type":"BreadcrumbList","@id":"http:\/\/www.npo.eu.com\/fr\/medical\/#breadcrumb","itemListElement":[{"@type":"ListItem","position":1,"name":"Home","item":"https:\/\/www.npo.eu.com\/fr\/"},{"@type":"ListItem","position":2,"name":"M\u00e9dical"}]},{"@type":"WebSite","@id":"https:\/\/www.npo.eu.com\/fr\/#website","url":"https:\/\/www.npo.eu.com\/fr\/","name":"Nuclear Power Outfitters, LLC","description":"","publisher":{"@id":"https:\/\/www.npo.eu.com\/fr\/#organization"},"potentialAction":[{"@type":"SearchAction","target":{"@type":"EntryPoint","urlTemplate":"https:\/\/www.npo.eu.com\/fr\/?s={search_term_string}"},"query-input":{"@type":"PropertyValueSpecification","valueRequired":true,"valueName":"search_term_string"}}],"inLanguage":"fr-FR"},{"@type":"Organization","@id":"https:\/\/www.npo.eu.com\/fr\/#organization","name":"Nuclear Power Outfitters, LLC","url":"https:\/\/www.npo.eu.com\/fr\/","logo":{"@type":"ImageObject","inLanguage":"fr-FR","@id":"https:\/\/www.npo.eu.com\/fr\/#\/schema\/logo\/image\/","url":"https:\/\/www.npo.eu.com\/wp-content\/uploads\/2024\/07\/NPO_Icon-696.png","contentUrl":"https:\/\/www.npo.eu.com\/wp-content\/uploads\/2024\/07\/NPO_Icon-696.png","width":696,"height":696,"caption":"Nuclear Power Outfitters, LLC"},"image":{"@id":"https:\/\/www.npo.eu.com\/fr\/#\/schema\/logo\/image\/"}}]}},"_links":{"self":[{"href":"http:\/\/www.npo.eu.com\/fr\/wp-json\/wp\/v2\/pages\/30262","targetHints":{"allow":["GET"]}}],"collection":[{"href":"http:\/\/www.npo.eu.com\/fr\/wp-json\/wp\/v2\/pages"}],"about":[{"href":"http:\/\/www.npo.eu.com\/fr\/wp-json\/wp\/v2\/types\/page"}],"author":[{"embeddable":true,"href":"http:\/\/www.npo.eu.com\/fr\/wp-json\/wp\/v2\/users\/4"}],"replies":[{"embeddable":true,"href":"http:\/\/www.npo.eu.com\/fr\/wp-json\/wp\/v2\/comments?post=30262"}],"version-history":[{"count":0,"href":"http:\/\/www.npo.eu.com\/fr\/wp-json\/wp\/v2\/pages\/30262\/revisions"}],"wp:attachment":[{"href":"http:\/\/www.npo.eu.com\/fr\/wp-json\/wp\/v2\/media?parent=30262"}],"curies":[{"name":"wp","href":"https:\/\/api.w.org\/{rel}","templated":true}]}}