{"id":30268,"date":"2024-05-31T16:46:19","date_gmt":"2024-05-31T16:46:19","guid":{"rendered":"https:\/\/npoeustg.wpenginepowered.com\/contact\/"},"modified":"2024-12-30T22:04:30","modified_gmt":"2024-12-30T22:04:30","slug":"contact","status":"publish","type":"page","link":"http:\/\/www.npo.eu.com\/fr\/contact\/","title":{"rendered":"Contact"},"content":{"rendered":"\t\t<div data-elementor-type=\"wp-page\" data-elementor-id=\"30268\" class=\"elementor elementor-30268 elementor-29461\" data-elementor-post-type=\"page\">\n\t\t\t\t<div class=\"elementor-element elementor-element-6315661 top-banner-interior-page e-flex e-con-boxed e-con e-parent\" data-id=\"6315661\" data-element_type=\"container\" data-settings=\"{&quot;background_background&quot;:&quot;classic&quot;,&quot;jet_parallax_layout_list&quot;:[]}\">\n\t\t\t\t\t<div class=\"e-con-inner\">\n\t\t\t\t<div class=\"elementor-element elementor-element-4cb1bd1 elementor-widget__width-inherit section-titles elementor-widget elementor-widget-heading\" data-id=\"4cb1bd1\" data-element_type=\"widget\" data-widget_type=\"heading.default\">\n\t\t\t\t<div class=\"elementor-widget-container\">\n\t\t\t\t\t<h2 class=\"elementor-heading-title elementor-size-default\">Contact<\/h2>\t\t\t\t<\/div>\n\t\t\t\t<\/div>\n\t\t\t\t\t<\/div>\n\t\t\t\t<\/div>\n\t\t<div class=\"elementor-element elementor-element-2791134 e-con-full top-banner-bottom-bar-container e-flex e-con e-parent\" data-id=\"2791134\" data-element_type=\"container\" data-settings=\"{&quot;background_background&quot;:&quot;classic&quot;,&quot;jet_parallax_layout_list&quot;:[]}\">\n\t\t\t\t<div class=\"elementor-element elementor-element-7f68455 elementor-widget__width-inherit top-banner-bottom-bar-spacer elementor-widget elementor-widget-spacer\" data-id=\"7f68455\" data-element_type=\"widget\" data-widget_type=\"spacer.default\">\n\t\t\t\t<div class=\"elementor-widget-container\">\n\t\t\t\t\t\t\t<div class=\"elementor-spacer\">\n\t\t\t<div class=\"elementor-spacer-inner\"><\/div>\n\t\t<\/div>\n\t\t\t\t\t\t<\/div>\n\t\t\t\t<\/div>\n\t\t\t\t<\/div>\n\t\t<div class=\"elementor-element elementor-element-7b7e57d e-flex e-con-boxed e-con e-parent\" data-id=\"7b7e57d\" data-element_type=\"container\" data-settings=\"{&quot;background_background&quot;:&quot;classic&quot;,&quot;jet_parallax_layout_list&quot;:[]}\">\n\t\t\t\t\t<div class=\"e-con-inner\">\n\t\t<div class=\"elementor-element elementor-element-f4998f5 e-con-full e-flex e-con e-child\" data-id=\"f4998f5\" data-element_type=\"container\" data-settings=\"{&quot;background_background&quot;:&quot;classic&quot;,&quot;jet_parallax_layout_list&quot;:[]}\">\n\t\t<div class=\"elementor-element elementor-element-001baa6 e-con-full e-flex e-con e-child\" data-id=\"001baa6\" data-element_type=\"container\" data-settings=\"{&quot;jet_parallax_layout_list&quot;:[]}\">\n\t\t\t\t<div class=\"elementor-element elementor-element-81aa876 elementor-widget elementor-widget-heading\" data-id=\"81aa876\" data-element_type=\"widget\" data-widget_type=\"heading.default\">\n\t\t\t\t<div class=\"elementor-widget-container\">\n\t\t\t\t\t<h2 class=\"elementor-heading-title elementor-size-default\">Vous avez une question ? Tendez la main.<\/h2>\t\t\t\t<\/div>\n\t\t\t\t<\/div>\n\t\t\t\t<div class=\"elementor-element elementor-element-a1a4d21 elementor-widget elementor-widget-text-editor\" data-id=\"a1a4d21\" data-element_type=\"widget\" data-widget_type=\"text-editor.default\">\n\t\t\t\t<div class=\"elementor-widget-container\">\n\t\t\t\t\t\t\t\t\t<p>Veuillez envoyer vos demandes via le formulaire de contact ci-dessous ou \u00e0 <a href=\"mailto:info@npo.eu.com\">info@npo.eu.com<\/a>.<\/p>\n\t\t\t\t\t\t\t\t<\/div>\n\t\t\t\t<\/div>\n\t\t\t\t<div class=\"elementor-element elementor-element-0121947 elementor-button-align-start elementor-widget__width-inherit elementor-widget elementor-widget-form\" data-id=\"0121947\" data-element_type=\"widget\" data-settings=\"{&quot;step_next_label&quot;:&quot;Suivant&quot;,&quot;step_previous_label&quot;:&quot;Pr\\u00e9c\\u00e9dent&quot;,&quot;button_width&quot;:&quot;100&quot;,&quot;step_type&quot;:&quot;number_text&quot;,&quot;step_icon_shape&quot;:&quot;circle&quot;}\" data-widget_type=\"form.default\">\n\t\t\t\t<div class=\"elementor-widget-container\">\n\t\t\t\t\t\t\t<form class=\"elementor-form\" method=\"post\" name=\"Nouveau formulaire\">\n\t\t\t<input type=\"hidden\" name=\"post_id\" value=\"30268\"\/>\n\t\t\t<input type=\"hidden\" name=\"form_id\" value=\"0121947\"\/>\n\t\t\t<input type=\"hidden\" name=\"referer_title\" value=\"Nuclear Power Outfitters, LLC\" \/>\n\n\t\t\t\n\t\t\t<div class=\"elementor-form-fields-wrapper elementor-labels-\">\n\t\t\t\t\t\t\t\t<div class=\"elementor-field-type-text elementor-field-group elementor-column elementor-field-group-name elementor-col-100\">\n\t\t\t\t\t\t\t\t\t\t\t\t<label for=\"form-field-name\" class=\"elementor-field-label elementor-screen-only\">\n\t\t\t\t\t\t\t\tNom\t\t\t\t\t\t\t<\/label>\n\t\t\t\t\t\t\t\t\t\t\t\t\t\t<input size=\"1\" type=\"text\" name=\"form_fields[name]\" id=\"form-field-name\" class=\"elementor-field elementor-size-md  elementor-field-textual\" placeholder=\"Nom\">\n\t\t\t\t\t\t\t\t\t\t\t<\/div>\n\t\t\t\t\t\t\t\t<div class=\"elementor-field-type-email elementor-field-group elementor-column elementor-field-group-email elementor-col-100 elementor-field-required\">\n\t\t\t\t\t\t\t\t\t\t\t\t<label for=\"form-field-email\" class=\"elementor-field-label elementor-screen-only\">\n\t\t\t\t\t\t\t\tCourriel\t\t\t\t\t\t\t<\/label>\n\t\t\t\t\t\t\t\t\t\t\t\t\t\t<input size=\"1\" type=\"email\" name=\"form_fields[email]\" id=\"form-field-email\" class=\"elementor-field elementor-size-md  elementor-field-textual\" placeholder=\"Courriel\" required=\"required\" aria-required=\"true\">\n\t\t\t\t\t\t\t\t\t\t\t<\/div>\n\t\t\t\t\t\t\t\t<div class=\"elementor-field-type-textarea elementor-field-group elementor-column elementor-field-group-message elementor-col-100\">\n\t\t\t\t\t\t\t\t\t\t\t\t<label for=\"form-field-message\" class=\"elementor-field-label elementor-screen-only\">\n\t\t\t\t\t\t\t\tMessage\t\t\t\t\t\t\t<\/label>\n\t\t\t\t\t\t<textarea class=\"elementor-field-textual elementor-field  elementor-size-md\" name=\"form_fields[message]\" id=\"form-field-message\" rows=\"4\" placeholder=\"Message\"><\/textarea>\t\t\t\t<\/div>\n\t\t\t\t\t\t\t\t<div class=\"elementor-field-type-recaptcha_v3 elementor-field-group elementor-column elementor-field-group-field_c47fa88 elementor-col-100 recaptcha_v3-bottomright\">\n\t\t\t\t\t<div class=\"elementor-field\" id=\"form-field-field_c47fa88\"><div class=\"elementor-g-recaptcha\" data-sitekey=\"6LfM_nUqAAAAACEXVPwOqGF8o5wXQvgLRizAjyUq\" data-type=\"v3\" data-action=\"Form\" data-badge=\"bottomright\" data-size=\"invisible\"><\/div><\/div>\t\t\t\t<\/div>\n\t\t\t\t\t\t\t\t<div class=\"elementor-field-group elementor-column elementor-field-type-submit elementor-col-100 e-form__buttons\">\n\t\t\t\t\t<button class=\"elementor-button elementor-size-sm\" type=\"submit\">\n\t\t\t\t\t\t<span class=\"elementor-button-content-wrapper\">\n\t\t\t\t\t\t\t\t\t\t\t\t\t\t\t\t\t\t\t\t\t\t<span class=\"elementor-button-text\">Envoyer<\/span>\n\t\t\t\t\t\t\t\t\t\t\t\t\t<\/span>\n\t\t\t\t\t<\/button>\n\t\t\t\t<\/div>\n\t\t\t<\/div>\n\t\t<\/form>\n\t\t\t\t\t\t<\/div>\n\t\t\t\t<\/div>\n\t\t\t\t<\/div>\n\t\t<div class=\"elementor-element elementor-element-f5fc18f e-con-full e-flex e-con e-child\" data-id=\"f5fc18f\" data-element_type=\"container\" data-settings=\"{&quot;jet_parallax_layout_list&quot;:[]}\">\n\t\t\t\t<div class=\"elementor-element elementor-element-c976a21 elementor-widget__width-inherit elementor-widget elementor-widget-heading\" data-id=\"c976a21\" data-element_type=\"widget\" data-widget_type=\"heading.default\">\n\t\t\t\t<div class=\"elementor-widget-container\">\n\t\t\t\t\t<h2 class=\"elementor-heading-title elementor-size-default\">\u00c9tats-Unis<\/h2>\t\t\t\t<\/div>\n\t\t\t\t<\/div>\n\t\t\t\t<div class=\"elementor-element elementor-element-7c59e81 elementor-widget elementor-widget-text-editor\" data-id=\"7c59e81\" data-element_type=\"widget\" data-widget_type=\"text-editor.default\">\n\t\t\t\t<div class=\"elementor-widget-container\">\n\t\t\t\t\t\t\t\t\t<p>1955 University Lane Lisle, IL 60532<\/p>\n<p>T\u00e9l : (630) 963-0320<br \/>Fax : (630) 963-1928<\/p>\n<p><a href=\"mailto:info@npo.us.com\">info@npo.us.com<\/a><\/p>\n\t\t\t\t\t\t\t\t<\/div>\n\t\t\t\t<\/div>\n\t\t\t\t<div class=\"elementor-element elementor-element-b0dd471 elementor-widget__width-inherit elementor-widget elementor-widget-heading\" data-id=\"b0dd471\" data-element_type=\"widget\" data-widget_type=\"heading.default\">\n\t\t\t\t<div class=\"elementor-widget-container\">\n\t\t\t\t\t<h2 class=\"elementor-heading-title elementor-size-default\">L'Europe<\/h2>\t\t\t\t<\/div>\n\t\t\t\t<\/div>\n\t\t\t\t<div class=\"elementor-element elementor-element-50811da elementor-widget elementor-widget-text-editor\" data-id=\"50811da\" data-element_type=\"widget\" data-widget_type=\"text-editor.default\">\n\t\t\t\t<div class=\"elementor-widget-container\">\n\t\t\t\t\t\t\t\t\t<p>119 rue du temple de Blosne 35136 Saint Jacques de la Lande &#8211; FRANCE<\/p>\n<p>T\u00e9l : +33 (0)2-99-83-56-40<\/p>\n<p><a href=\"mailto:info@npo.eu.com\">info@npo.eu.com<\/a><\/p>\n\t\t\t\t\t\t\t\t<\/div>\n\t\t\t\t<\/div>\n\t\t\t\t<\/div>\n\t\t\t\t<\/div>\n\t\t\t\t\t<\/div>\n\t\t\t\t<\/div>\n\t\t<div class=\"elementor-element elementor-element-ac31dd5 e-con-full e-flex e-con e-parent\" data-id=\"ac31dd5\" data-element_type=\"container\" data-settings=\"{&quot;jet_parallax_layout_list&quot;:[]}\">\n\t\t\t\t<div class=\"elementor-element elementor-element-1c31e8f elementor-widget elementor-widget-template\" data-id=\"1c31e8f\" data-element_type=\"widget\" data-widget_type=\"template.default\">\n\t\t\t\t<div class=\"elementor-widget-container\">\n\t\t\t\t\t\t\t<div class=\"elementor-template\">\n\t\t\t\t\t<div data-elementor-type=\"section\" data-elementor-id=\"30196\" class=\"elementor elementor-30196 elementor-29459\" data-elementor-post-type=\"elementor_library\">\n\t\t\t<div class=\"elementor-element elementor-element-b84ca90 e-con-full e-flex e-con e-parent\" data-id=\"b84ca90\" data-element_type=\"container\" data-settings=\"{&quot;background_background&quot;:&quot;classic&quot;,&quot;jet_parallax_layout_list&quot;:[]}\">\n\t\t<div class=\"elementor-element elementor-element-a82f9c2 e-con-full e-flex e-con e-child\" data-id=\"a82f9c2\" data-element_type=\"container\" data-settings=\"{&quot;background_background&quot;:&quot;classic&quot;,&quot;jet_parallax_layout_list&quot;:[]}\">\n\t\t<div class=\"elementor-element elementor-element-37cbc04 e-flex e-con-boxed e-con e-child\" data-id=\"37cbc04\" data-element_type=\"container\" data-settings=\"{&quot;jet_parallax_layout_list&quot;:[]}\">\n\t\t\t\t\t<div class=\"e-con-inner\">\n\t\t\t\t<div class=\"elementor-element elementor-element-9873fc0 elementor-widget elementor-widget-heading\" data-id=\"9873fc0\" data-element_type=\"widget\" data-widget_type=\"heading.default\">\n\t\t\t\t<div class=\"elementor-widget-container\">\n\t\t\t\t\t<h2 class=\"elementor-heading-title elementor-size-default\">Vous souhaitez en savoir plus sur nos produits ?<\/h2>\t\t\t\t<\/div>\n\t\t\t\t<\/div>\n\t\t\t\t<div class=\"elementor-element elementor-element-8b7d684 elementor-widget elementor-widget-text-editor\" data-id=\"8b7d684\" data-element_type=\"widget\" data-widget_type=\"text-editor.default\">\n\t\t\t\t<div class=\"elementor-widget-container\">\n\t\t\t\t\t\t\t\t\t<p>Envoyez-nous un message via notre formulaire de contact et nous r\u00e9pondrons \u00e0 toutes vos questions.<\/p>\n\t\t\t\t\t\t\t\t<\/div>\n\t\t\t\t<\/div>\n\t\t\t\t<div class=\"elementor-element elementor-element-3423244 elementor-align-left elementor-widget elementor-widget-button\" data-id=\"3423244\" data-element_type=\"widget\" data-widget_type=\"button.default\">\n\t\t\t\t<div class=\"elementor-widget-container\">\n\t\t\t\t\t\t\t\t\t<div class=\"elementor-button-wrapper\">\n\t\t\t\t\t<a class=\"elementor-button elementor-button-link elementor-size-md\" href=\"http:\/\/www.npo.eu.com\/fr\/contact\/\">\n\t\t\t\t\t\t<span class=\"elementor-button-content-wrapper\">\n\t\t\t\t\t\t\t\t\t<span class=\"elementor-button-text\">Contactez nous<\/span>\n\t\t\t\t\t<\/span>\n\t\t\t\t\t<\/a>\n\t\t\t\t<\/div>\n\t\t\t\t\t\t\t\t<\/div>\n\t\t\t\t<\/div>\n\t\t\t\t\t<\/div>\n\t\t\t\t<\/div>\n\t\t\t\t<\/div>\n\t\t<div class=\"elementor-element elementor-element-bc07640 e-con-full e-flex e-con e-child\" data-id=\"bc07640\" data-element_type=\"container\" data-settings=\"{&quot;background_background&quot;:&quot;classic&quot;,&quot;jet_parallax_layout_list&quot;:[]}\">\n\t\t\t\t<\/div>\n\t\t\t\t<\/div>\n\t\t\t\t<\/div>\n\t\t\t\t<\/div>\n\t\t\t\t\t\t<\/div>\n\t\t\t\t<\/div>\n\t\t\t\t<\/div>\n\t\t\t\t<\/div>\n\t\t","protected":false},"excerpt":{"rendered":"<p>Contact Vous avez une question ? Tendez la main. Veuillez envoyer vos demandes via le formulaire de contact ci-dessous ou \u00e0 info@npo.eu.com. \u00c9tats-Unis 1955 University Lane Lisle, IL 60532 T\u00e9l : (630) 963-0320Fax : (630) 963-1928 info@npo.us.com L&rsquo;Europe 119 rue du temple de Blosne 35136 Saint Jacques de la Lande &#8211; FRANCE T\u00e9l : +33 [&hellip;]<\/p>\n","protected":false},"author":4,"featured_media":0,"parent":0,"menu_order":0,"comment_status":"closed","ping_status":"closed","template":"","meta":{"_acf_changed":false,"inline_featured_image":false,"footnotes":""},"class_list":["post-30268","page","type-page","status-publish","hentry"],"acf":[],"yoast_head":"<!-- This site is optimized with the Yoast SEO plugin v24.1 - https:\/\/yoast.com\/wordpress\/plugins\/seo\/ -->\n<title>NPO Europe | Contact<\/title>\n<meta name=\"robots\" content=\"index, follow, max-snippet:-1, max-image-preview:large, max-video-preview:-1\" \/>\n<link rel=\"canonical\" href=\"http:\/\/www.npo.eu.com\/fr\/contact\/\" \/>\n<meta property=\"og:locale\" content=\"fr_FR\" \/>\n<meta property=\"og:type\" content=\"article\" \/>\n<meta property=\"og:title\" content=\"NPO Europe | Contact\" \/>\n<meta property=\"og:description\" content=\"Contact Vous avez une question ? Tendez la main. Veuillez envoyer vos demandes via le formulaire de contact ci-dessous ou \u00e0 info@npo.eu.com. \u00c9tats-Unis 1955 University Lane Lisle, IL 60532 T\u00e9l : (630) 963-0320Fax : (630) 963-1928 info@npo.us.com L&rsquo;Europe 119 rue du temple de Blosne 35136 Saint Jacques de la Lande &#8211; FRANCE T\u00e9l : +33 [&hellip;]\" \/>\n<meta property=\"og:url\" content=\"http:\/\/www.npo.eu.com\/fr\/contact\/\" \/>\n<meta property=\"og:site_name\" content=\"Nuclear Power Outfitters, LLC\" \/>\n<meta property=\"article:modified_time\" content=\"2024-12-30T22:04:30+00:00\" \/>\n<meta name=\"twitter:card\" content=\"summary_large_image\" \/>\n<meta name=\"twitter:label1\" content=\"Dur\u00e9e de lecture estim\u00e9e\" \/>\n\t<meta name=\"twitter:data1\" content=\"1 minute\" \/>\n<script type=\"application\/ld+json\" class=\"yoast-schema-graph\">{\"@context\":\"https:\/\/schema.org\",\"@graph\":[{\"@type\":\"WebPage\",\"@id\":\"http:\/\/www.npo.eu.com\/fr\/contact\/\",\"url\":\"http:\/\/www.npo.eu.com\/fr\/contact\/\",\"name\":\"NPO Europe | Contact\",\"isPartOf\":{\"@id\":\"https:\/\/www.npo.eu.com\/fr\/#website\"},\"datePublished\":\"2024-05-31T16:46:19+00:00\",\"dateModified\":\"2024-12-30T22:04:30+00:00\",\"breadcrumb\":{\"@id\":\"http:\/\/www.npo.eu.com\/fr\/contact\/#breadcrumb\"},\"inLanguage\":\"fr-FR\",\"potentialAction\":[{\"@type\":\"ReadAction\",\"target\":[\"http:\/\/www.npo.eu.com\/fr\/contact\/\"]}]},{\"@type\":\"BreadcrumbList\",\"@id\":\"http:\/\/www.npo.eu.com\/fr\/contact\/#breadcrumb\",\"itemListElement\":[{\"@type\":\"ListItem\",\"position\":1,\"name\":\"Home\",\"item\":\"https:\/\/www.npo.eu.com\/fr\/\"},{\"@type\":\"ListItem\",\"position\":2,\"name\":\"Contact\"}]},{\"@type\":\"WebSite\",\"@id\":\"https:\/\/www.npo.eu.com\/fr\/#website\",\"url\":\"https:\/\/www.npo.eu.com\/fr\/\",\"name\":\"Nuclear Power Outfitters, LLC\",\"description\":\"\",\"publisher\":{\"@id\":\"https:\/\/www.npo.eu.com\/fr\/#organization\"},\"potentialAction\":[{\"@type\":\"SearchAction\",\"target\":{\"@type\":\"EntryPoint\",\"urlTemplate\":\"https:\/\/www.npo.eu.com\/fr\/?s={search_term_string}\"},\"query-input\":{\"@type\":\"PropertyValueSpecification\",\"valueRequired\":true,\"valueName\":\"search_term_string\"}}],\"inLanguage\":\"fr-FR\"},{\"@type\":\"Organization\",\"@id\":\"https:\/\/www.npo.eu.com\/fr\/#organization\",\"name\":\"Nuclear Power Outfitters, LLC\",\"url\":\"https:\/\/www.npo.eu.com\/fr\/\",\"logo\":{\"@type\":\"ImageObject\",\"inLanguage\":\"fr-FR\",\"@id\":\"https:\/\/www.npo.eu.com\/fr\/#\/schema\/logo\/image\/\",\"url\":\"https:\/\/www.npo.eu.com\/wp-content\/uploads\/2024\/07\/NPO_Icon-696.png\",\"contentUrl\":\"https:\/\/www.npo.eu.com\/wp-content\/uploads\/2024\/07\/NPO_Icon-696.png\",\"width\":696,\"height\":696,\"caption\":\"Nuclear Power Outfitters, LLC\"},\"image\":{\"@id\":\"https:\/\/www.npo.eu.com\/fr\/#\/schema\/logo\/image\/\"}}]}<\/script>\n<!-- \/ Yoast SEO plugin. -->","yoast_head_json":{"title":"NPO Europe | Contact","robots":{"index":"index","follow":"follow","max-snippet":"max-snippet:-1","max-image-preview":"max-image-preview:large","max-video-preview":"max-video-preview:-1"},"canonical":"http:\/\/www.npo.eu.com\/fr\/contact\/","og_locale":"fr_FR","og_type":"article","og_title":"NPO Europe | Contact","og_description":"Contact Vous avez une question ? Tendez la main. Veuillez envoyer vos demandes via le formulaire de contact ci-dessous ou \u00e0 info@npo.eu.com. \u00c9tats-Unis 1955 University Lane Lisle, IL 60532 T\u00e9l : (630) 963-0320Fax : (630) 963-1928 info@npo.us.com L&rsquo;Europe 119 rue du temple de Blosne 35136 Saint Jacques de la Lande &#8211; FRANCE T\u00e9l : +33 [&hellip;]","og_url":"http:\/\/www.npo.eu.com\/fr\/contact\/","og_site_name":"Nuclear Power Outfitters, LLC","article_modified_time":"2024-12-30T22:04:30+00:00","twitter_card":"summary_large_image","twitter_misc":{"Dur\u00e9e de lecture estim\u00e9e":"1 minute"},"schema":{"@context":"https:\/\/schema.org","@graph":[{"@type":"WebPage","@id":"http:\/\/www.npo.eu.com\/fr\/contact\/","url":"http:\/\/www.npo.eu.com\/fr\/contact\/","name":"NPO Europe | Contact","isPartOf":{"@id":"https:\/\/www.npo.eu.com\/fr\/#website"},"datePublished":"2024-05-31T16:46:19+00:00","dateModified":"2024-12-30T22:04:30+00:00","breadcrumb":{"@id":"http:\/\/www.npo.eu.com\/fr\/contact\/#breadcrumb"},"inLanguage":"fr-FR","potentialAction":[{"@type":"ReadAction","target":["http:\/\/www.npo.eu.com\/fr\/contact\/"]}]},{"@type":"BreadcrumbList","@id":"http:\/\/www.npo.eu.com\/fr\/contact\/#breadcrumb","itemListElement":[{"@type":"ListItem","position":1,"name":"Home","item":"https:\/\/www.npo.eu.com\/fr\/"},{"@type":"ListItem","position":2,"name":"Contact"}]},{"@type":"WebSite","@id":"https:\/\/www.npo.eu.com\/fr\/#website","url":"https:\/\/www.npo.eu.com\/fr\/","name":"Nuclear Power Outfitters, LLC","description":"","publisher":{"@id":"https:\/\/www.npo.eu.com\/fr\/#organization"},"potentialAction":[{"@type":"SearchAction","target":{"@type":"EntryPoint","urlTemplate":"https:\/\/www.npo.eu.com\/fr\/?s={search_term_string}"},"query-input":{"@type":"PropertyValueSpecification","valueRequired":true,"valueName":"search_term_string"}}],"inLanguage":"fr-FR"},{"@type":"Organization","@id":"https:\/\/www.npo.eu.com\/fr\/#organization","name":"Nuclear Power Outfitters, LLC","url":"https:\/\/www.npo.eu.com\/fr\/","logo":{"@type":"ImageObject","inLanguage":"fr-FR","@id":"https:\/\/www.npo.eu.com\/fr\/#\/schema\/logo\/image\/","url":"https:\/\/www.npo.eu.com\/wp-content\/uploads\/2024\/07\/NPO_Icon-696.png","contentUrl":"https:\/\/www.npo.eu.com\/wp-content\/uploads\/2024\/07\/NPO_Icon-696.png","width":696,"height":696,"caption":"Nuclear Power Outfitters, LLC"},"image":{"@id":"https:\/\/www.npo.eu.com\/fr\/#\/schema\/logo\/image\/"}}]}},"_links":{"self":[{"href":"http:\/\/www.npo.eu.com\/fr\/wp-json\/wp\/v2\/pages\/30268","targetHints":{"allow":["GET"]}}],"collection":[{"href":"http:\/\/www.npo.eu.com\/fr\/wp-json\/wp\/v2\/pages"}],"about":[{"href":"http:\/\/www.npo.eu.com\/fr\/wp-json\/wp\/v2\/types\/page"}],"author":[{"embeddable":true,"href":"http:\/\/www.npo.eu.com\/fr\/wp-json\/wp\/v2\/users\/4"}],"replies":[{"embeddable":true,"href":"http:\/\/www.npo.eu.com\/fr\/wp-json\/wp\/v2\/comments?post=30268"}],"version-history":[{"count":0,"href":"http:\/\/www.npo.eu.com\/fr\/wp-json\/wp\/v2\/pages\/30268\/revisions"}],"wp:attachment":[{"href":"http:\/\/www.npo.eu.com\/fr\/wp-json\/wp\/v2\/media?parent=30268"}],"curies":[{"name":"wp","href":"https:\/\/api.w.org\/{rel}","templated":true}]}}