{"id":30271,"date":"2024-05-29T23:51:16","date_gmt":"2024-05-29T23:51:16","guid":{"rendered":"https:\/\/npoeustg.wpenginepowered.com\/stockage-et-mobilisation-conteneurs-de-protection-contre-les-rayonnements\/"},"modified":"2024-12-31T16:05:03","modified_gmt":"2024-12-31T16:05:03","slug":"stockage-et-mobilisation-conteneurs-de-protection-contre-les-rayonnements","status":"publish","type":"page","link":"http:\/\/www.npo.eu.com\/fr\/specialise\/stockage-et-mobilisation-conteneurs-de-protection-contre-les-rayonnements\/","title":{"rendered":"Stockage et mobilisation Conteneurs de protection contre les rayonnements"},"content":{"rendered":"\t\t<div data-elementor-type=\"wp-page\" data-elementor-id=\"30271\" class=\"elementor elementor-30271 elementor-29438\" data-elementor-post-type=\"page\">\n\t\t\t\t<div class=\"elementor-element elementor-element-6315661 top-banner-interior-page e-flex e-con-boxed e-con e-parent\" data-id=\"6315661\" data-element_type=\"container\" data-settings=\"{&quot;background_background&quot;:&quot;classic&quot;,&quot;jet_parallax_layout_list&quot;:[]}\">\n\t\t\t\t\t<div class=\"e-con-inner\">\n\t\t\t\t<div class=\"elementor-element elementor-element-4cb1bd1 elementor-widget__width-inherit section-titles elementor-widget elementor-widget-heading\" data-id=\"4cb1bd1\" data-element_type=\"widget\" data-widget_type=\"heading.default\">\n\t\t\t\t<div class=\"elementor-widget-container\">\n\t\t\t\t\t<h2 class=\"elementor-heading-title elementor-size-default\">Stockage et mobilisation Conteneurs de protection contre les rayonnements<\/h2>\t\t\t\t<\/div>\n\t\t\t\t<\/div>\n\t\t\t\t\t<\/div>\n\t\t\t\t<\/div>\n\t\t<div class=\"elementor-element elementor-element-2791134 e-con-full top-banner-bottom-bar-container e-flex e-con e-parent\" data-id=\"2791134\" data-element_type=\"container\" data-settings=\"{&quot;background_background&quot;:&quot;classic&quot;,&quot;jet_parallax_layout_list&quot;:[]}\">\n\t\t\t\t<div class=\"elementor-element elementor-element-7f68455 elementor-widget__width-inherit top-banner-bottom-bar-spacer elementor-widget elementor-widget-spacer\" data-id=\"7f68455\" data-element_type=\"widget\" data-widget_type=\"spacer.default\">\n\t\t\t\t<div class=\"elementor-widget-container\">\n\t\t\t\t\t\t\t<div class=\"elementor-spacer\">\n\t\t\t<div class=\"elementor-spacer-inner\"><\/div>\n\t\t<\/div>\n\t\t\t\t\t\t<\/div>\n\t\t\t\t<\/div>\n\t\t\t\t<\/div>\n\t\t<div class=\"elementor-element elementor-element-76c8fe6 e-flex e-con-boxed e-con e-parent\" data-id=\"76c8fe6\" data-element_type=\"container\" data-settings=\"{&quot;background_background&quot;:&quot;classic&quot;,&quot;jet_parallax_layout_list&quot;:[]}\">\n\t\t\t\t\t<div class=\"e-con-inner\">\n\t\t<div class=\"elementor-element elementor-element-9ae2aff e-con-full e-flex e-con e-child\" data-id=\"9ae2aff\" data-element_type=\"container\" data-settings=\"{&quot;background_background&quot;:&quot;classic&quot;,&quot;jet_parallax_layout_list&quot;:[]}\">\n\t\t<div class=\"elementor-element elementor-element-3b6567a e-con-full e-flex e-con e-child\" data-id=\"3b6567a\" data-element_type=\"container\" data-settings=\"{&quot;jet_parallax_layout_list&quot;:[]}\">\n\t\t\t\t<div class=\"elementor-element elementor-element-d1d26ae elementor-widget elementor-widget-image\" data-id=\"d1d26ae\" data-element_type=\"widget\" data-widget_type=\"image.default\">\n\t\t\t\t<div class=\"elementor-widget-container\">\n\t\t\t\t\t\t\t\t\t\t\t\t\t\t\t<img fetchpriority=\"high\" decoding=\"async\" width=\"500\" height=\"373\" src=\"http:\/\/www.npo.eu.com\/wp-content\/uploads\/2024\/05\/Storage-Mobilization-Radiation-Shield-Containers.webp\" class=\"attachment-full size-full wp-image-29440\" alt=\"Storage Mobilization Radiation Shield Containers\" srcset=\"http:\/\/www.npo.eu.com\/wp-content\/uploads\/2024\/05\/Storage-Mobilization-Radiation-Shield-Containers.webp 500w, http:\/\/www.npo.eu.com\/wp-content\/uploads\/2024\/05\/Storage-Mobilization-Radiation-Shield-Containers-300x224.webp 300w\" sizes=\"(max-width: 500px) 100vw, 500px\" \/>\t\t\t\t\t\t\t\t\t\t\t\t\t\t\t<\/div>\n\t\t\t\t<\/div>\n\t\t\t\t<\/div>\n\t\t<div class=\"elementor-element elementor-element-51648f7 e-con-full e-flex e-con e-child\" data-id=\"51648f7\" data-element_type=\"container\" data-settings=\"{&quot;jet_parallax_layout_list&quot;:[]}\">\n\t\t\t\t<div class=\"elementor-element elementor-element-0f71471 elementor-widget elementor-widget-heading\" data-id=\"0f71471\" data-element_type=\"widget\" data-widget_type=\"heading.default\">\n\t\t\t\t<div class=\"elementor-widget-container\">\n\t\t\t\t\t<h2 class=\"elementor-heading-title elementor-size-default\">Vue d'ensemble<\/h2>\t\t\t\t<\/div>\n\t\t\t\t<\/div>\n\t\t\t\t<div class=\"elementor-element elementor-element-e3da140 elementor-widget elementor-widget-text-editor\" data-id=\"e3da140\" data-element_type=\"widget\" data-widget_type=\"text-editor.default\">\n\t\t\t\t<div class=\"elementor-widget-container\">\n\t\t\t\t\t\t\t\t\t<p>Les conteneurs de stockage et de mobilisation du blindage radiologique NPO sont construits en tenant compte des besoins des gr\u00e9eurs. Depuis plus de 30 ans, les conteneurs NPO r\u00e9sistent au levage a\u00e9rien et au d\u00e9placement de votre mat\u00e9riau le plus lourd, le plomb. Construction en acier tr\u00e8s robuste, enti\u00e8rement fabriqu\u00e9e aux \u00c9tats-Unis. Ces conteneurs sont enti\u00e8rement personnalisables avec des options de c\u00f4t\u00e9s et de couvercles pliables. Les conteneurs de stockage peuvent m\u00eame \u00eatre con\u00e7us pour des pi\u00e8ces en <sup>T-Flex\u00ae<\/sup> et en plomb\/acier fabriqu\u00e9es sur mesure.<\/p>\n<p>Le conteneur NPO standard mesure environ 75\u2033 x 30\u2033 x 30\u2033 \u00e0 l&rsquo;int\u00e9rieur et peut contenir jusqu&rsquo;\u00e0 100 couvertures en laine de plomb de 1&rsquo;x3\u2032. Le couvercle et l&rsquo;un des c\u00f4t\u00e9s sont amovibles pour faciliter le chargement et le d\u00e9chargement des couvertures de protection.<\/p>\n\t\t\t\t\t\t\t\t<\/div>\n\t\t\t\t<\/div>\n\t\t\t\t<\/div>\n\t\t\t\t<\/div>\n\t\t\t\t\t<\/div>\n\t\t\t\t<\/div>\n\t\t<div class=\"elementor-element elementor-element-b26d840 e-con-full e-flex e-con e-parent\" data-id=\"b26d840\" data-element_type=\"container\" data-settings=\"{&quot;jet_parallax_layout_list&quot;:[]}\">\n\t\t\t\t<div class=\"elementor-element elementor-element-3f8f0bf elementor-widget elementor-widget-template\" data-id=\"3f8f0bf\" data-element_type=\"widget\" data-widget_type=\"template.default\">\n\t\t\t\t<div class=\"elementor-widget-container\">\n\t\t\t\t\t\t\t<div class=\"elementor-template\">\n\t\t\t\t\t<div data-elementor-type=\"section\" data-elementor-id=\"30196\" class=\"elementor elementor-30196 elementor-29459\" data-elementor-post-type=\"elementor_library\">\n\t\t\t<div class=\"elementor-element elementor-element-b84ca90 e-con-full e-flex e-con e-parent\" data-id=\"b84ca90\" data-element_type=\"container\" data-settings=\"{&quot;background_background&quot;:&quot;classic&quot;,&quot;jet_parallax_layout_list&quot;:[]}\">\n\t\t<div class=\"elementor-element elementor-element-a82f9c2 e-con-full e-flex e-con e-child\" data-id=\"a82f9c2\" data-element_type=\"container\" data-settings=\"{&quot;background_background&quot;:&quot;classic&quot;,&quot;jet_parallax_layout_list&quot;:[]}\">\n\t\t<div class=\"elementor-element elementor-element-37cbc04 e-flex e-con-boxed e-con e-child\" data-id=\"37cbc04\" data-element_type=\"container\" data-settings=\"{&quot;jet_parallax_layout_list&quot;:[]}\">\n\t\t\t\t\t<div class=\"e-con-inner\">\n\t\t\t\t<div class=\"elementor-element elementor-element-9873fc0 elementor-widget elementor-widget-heading\" data-id=\"9873fc0\" data-element_type=\"widget\" data-widget_type=\"heading.default\">\n\t\t\t\t<div class=\"elementor-widget-container\">\n\t\t\t\t\t<h2 class=\"elementor-heading-title elementor-size-default\">Vous souhaitez en savoir plus sur nos produits ?<\/h2>\t\t\t\t<\/div>\n\t\t\t\t<\/div>\n\t\t\t\t<div class=\"elementor-element elementor-element-8b7d684 elementor-widget elementor-widget-text-editor\" data-id=\"8b7d684\" data-element_type=\"widget\" data-widget_type=\"text-editor.default\">\n\t\t\t\t<div class=\"elementor-widget-container\">\n\t\t\t\t\t\t\t\t\t<p>Envoyez-nous un message via notre formulaire de contact et nous r\u00e9pondrons \u00e0 toutes vos questions.<\/p>\n\t\t\t\t\t\t\t\t<\/div>\n\t\t\t\t<\/div>\n\t\t\t\t<div class=\"elementor-element elementor-element-3423244 elementor-align-left elementor-widget elementor-widget-button\" data-id=\"3423244\" data-element_type=\"widget\" data-widget_type=\"button.default\">\n\t\t\t\t<div class=\"elementor-widget-container\">\n\t\t\t\t\t\t\t\t\t<div class=\"elementor-button-wrapper\">\n\t\t\t\t\t<a class=\"elementor-button elementor-button-link elementor-size-md\" href=\"http:\/\/www.npo.eu.com\/fr\/contact\/\">\n\t\t\t\t\t\t<span class=\"elementor-button-content-wrapper\">\n\t\t\t\t\t\t\t\t\t<span class=\"elementor-button-text\">Contactez nous<\/span>\n\t\t\t\t\t<\/span>\n\t\t\t\t\t<\/a>\n\t\t\t\t<\/div>\n\t\t\t\t\t\t\t\t<\/div>\n\t\t\t\t<\/div>\n\t\t\t\t\t<\/div>\n\t\t\t\t<\/div>\n\t\t\t\t<\/div>\n\t\t<div class=\"elementor-element elementor-element-bc07640 e-con-full e-flex e-con e-child\" data-id=\"bc07640\" data-element_type=\"container\" data-settings=\"{&quot;background_background&quot;:&quot;classic&quot;,&quot;jet_parallax_layout_list&quot;:[]}\">\n\t\t\t\t<\/div>\n\t\t\t\t<\/div>\n\t\t\t\t<\/div>\n\t\t\t\t<\/div>\n\t\t\t\t\t\t<\/div>\n\t\t\t\t<\/div>\n\t\t\t\t<\/div>\n\t\t\t\t<\/div>\n\t\t","protected":false},"excerpt":{"rendered":"<p>Stockage et mobilisation Conteneurs de protection contre les rayonnements Vue d&rsquo;ensemble Les conteneurs de stockage et de mobilisation du blindage radiologique NPO sont construits en tenant compte des besoins des gr\u00e9eurs. Depuis plus de 30 ans, les conteneurs NPO r\u00e9sistent au levage a\u00e9rien et au d\u00e9placement de votre mat\u00e9riau le plus lourd, le plomb. Construction [&hellip;]<\/p>\n","protected":false},"author":4,"featured_media":0,"parent":30301,"menu_order":0,"comment_status":"closed","ping_status":"closed","template":"","meta":{"_acf_changed":false,"inline_featured_image":false,"footnotes":""},"class_list":["post-30271","page","type-page","status-publish","hentry"],"acf":[],"yoast_head":"<!-- This site is optimized with the Yoast SEO plugin v24.1 - https:\/\/yoast.com\/wordpress\/plugins\/seo\/ -->\n<title>Conteneurs de protection contre les rayonnements pour le stockage et la mobilisation | NPO Europe<\/title>\n<meta name=\"description\" content=\"Les conteneurs de stockage et de mobilisation du blindage radiologique de l&#039;OBNL sont con\u00e7us pour les gr\u00e9eurs et ont r\u00e9sist\u00e9 au levage a\u00e9rien et au d\u00e9placement de votre mat\u00e9riau le plus lourd, le plomb.\" \/>\n<meta name=\"robots\" content=\"index, follow, max-snippet:-1, max-image-preview:large, max-video-preview:-1\" \/>\n<link rel=\"canonical\" href=\"http:\/\/www.npo.eu.com\/fr\/specialise\/stockage-et-mobilisation-conteneurs-de-protection-contre-les-rayonnements\/\" \/>\n<meta property=\"og:locale\" content=\"fr_FR\" \/>\n<meta property=\"og:type\" content=\"article\" \/>\n<meta property=\"og:title\" content=\"Conteneurs de protection contre les rayonnements pour le stockage et la mobilisation | NPO Europe\" \/>\n<meta property=\"og:description\" content=\"Les conteneurs de stockage et de mobilisation du blindage radiologique de l&#039;OBNL sont con\u00e7us pour les gr\u00e9eurs et ont r\u00e9sist\u00e9 au levage a\u00e9rien et au d\u00e9placement de votre mat\u00e9riau le plus lourd, le plomb.\" \/>\n<meta property=\"og:url\" content=\"http:\/\/www.npo.eu.com\/fr\/specialise\/stockage-et-mobilisation-conteneurs-de-protection-contre-les-rayonnements\/\" \/>\n<meta property=\"og:site_name\" content=\"Nuclear Power Outfitters, LLC\" \/>\n<meta property=\"article:modified_time\" content=\"2024-12-31T16:05:03+00:00\" \/>\n<meta property=\"og:image\" content=\"https:\/\/www.npo.eu.com\/wp-content\/uploads\/2024\/05\/Storage-Mobilization-Radiation-Shield-Containers.webp\" \/>\n<meta name=\"twitter:card\" content=\"summary_large_image\" \/>\n<meta name=\"twitter:label1\" content=\"Dur\u00e9e de lecture estim\u00e9e\" \/>\n\t<meta name=\"twitter:data1\" content=\"2 minutes\" \/>\n<script type=\"application\/ld+json\" class=\"yoast-schema-graph\">{\"@context\":\"https:\/\/schema.org\",\"@graph\":[{\"@type\":\"WebPage\",\"@id\":\"http:\/\/www.npo.eu.com\/fr\/specialise\/stockage-et-mobilisation-conteneurs-de-protection-contre-les-rayonnements\/\",\"url\":\"http:\/\/www.npo.eu.com\/fr\/specialise\/stockage-et-mobilisation-conteneurs-de-protection-contre-les-rayonnements\/\",\"name\":\"Conteneurs de protection contre les rayonnements pour le stockage et la mobilisation | NPO Europe\",\"isPartOf\":{\"@id\":\"http:\/\/www.npo.eu.com\/fr\/#website\"},\"primaryImageOfPage\":{\"@id\":\"http:\/\/www.npo.eu.com\/fr\/specialise\/stockage-et-mobilisation-conteneurs-de-protection-contre-les-rayonnements\/#primaryimage\"},\"image\":{\"@id\":\"http:\/\/www.npo.eu.com\/fr\/specialise\/stockage-et-mobilisation-conteneurs-de-protection-contre-les-rayonnements\/#primaryimage\"},\"thumbnailUrl\":\"https:\/\/www.npo.eu.com\/wp-content\/uploads\/2024\/05\/Storage-Mobilization-Radiation-Shield-Containers.webp\",\"datePublished\":\"2024-05-29T23:51:16+00:00\",\"dateModified\":\"2024-12-31T16:05:03+00:00\",\"description\":\"Les conteneurs de stockage et de mobilisation du blindage radiologique de l'OBNL sont con\u00e7us pour les gr\u00e9eurs et ont r\u00e9sist\u00e9 au levage a\u00e9rien et au d\u00e9placement de votre mat\u00e9riau le plus lourd, le plomb.\",\"breadcrumb\":{\"@id\":\"http:\/\/www.npo.eu.com\/fr\/specialise\/stockage-et-mobilisation-conteneurs-de-protection-contre-les-rayonnements\/#breadcrumb\"},\"inLanguage\":\"fr-FR\",\"potentialAction\":[{\"@type\":\"ReadAction\",\"target\":[\"http:\/\/www.npo.eu.com\/fr\/specialise\/stockage-et-mobilisation-conteneurs-de-protection-contre-les-rayonnements\/\"]}]},{\"@type\":\"ImageObject\",\"inLanguage\":\"fr-FR\",\"@id\":\"http:\/\/www.npo.eu.com\/fr\/specialise\/stockage-et-mobilisation-conteneurs-de-protection-contre-les-rayonnements\/#primaryimage\",\"url\":\"https:\/\/www.npo.eu.com\/wp-content\/uploads\/2024\/05\/Storage-Mobilization-Radiation-Shield-Containers.webp\",\"contentUrl\":\"https:\/\/www.npo.eu.com\/wp-content\/uploads\/2024\/05\/Storage-Mobilization-Radiation-Shield-Containers.webp\"},{\"@type\":\"BreadcrumbList\",\"@id\":\"http:\/\/www.npo.eu.com\/fr\/specialise\/stockage-et-mobilisation-conteneurs-de-protection-contre-les-rayonnements\/#breadcrumb\",\"itemListElement\":[{\"@type\":\"ListItem\",\"position\":1,\"name\":\"Home\",\"item\":\"http:\/\/www.npo.eu.com\/fr\/\"},{\"@type\":\"ListItem\",\"position\":2,\"name\":\"Sp\u00e9cialis\u00e9\",\"item\":\"https:\/\/www.npo.eu.com\/fr\/specialise\/\"},{\"@type\":\"ListItem\",\"position\":3,\"name\":\"Stockage et mobilisation Conteneurs de protection contre les rayonnements\"}]},{\"@type\":\"WebSite\",\"@id\":\"http:\/\/www.npo.eu.com\/fr\/#website\",\"url\":\"http:\/\/www.npo.eu.com\/fr\/\",\"name\":\"Nuclear Power Outfitters, LLC\",\"description\":\"\",\"publisher\":{\"@id\":\"http:\/\/www.npo.eu.com\/fr\/#organization\"},\"potentialAction\":[{\"@type\":\"SearchAction\",\"target\":{\"@type\":\"EntryPoint\",\"urlTemplate\":\"http:\/\/www.npo.eu.com\/fr\/?s={search_term_string}\"},\"query-input\":{\"@type\":\"PropertyValueSpecification\",\"valueRequired\":true,\"valueName\":\"search_term_string\"}}],\"inLanguage\":\"fr-FR\"},{\"@type\":\"Organization\",\"@id\":\"http:\/\/www.npo.eu.com\/fr\/#organization\",\"name\":\"Nuclear Power Outfitters, LLC\",\"url\":\"http:\/\/www.npo.eu.com\/fr\/\",\"logo\":{\"@type\":\"ImageObject\",\"inLanguage\":\"fr-FR\",\"@id\":\"http:\/\/www.npo.eu.com\/fr\/#\/schema\/logo\/image\/\",\"url\":\"https:\/\/www.npo.eu.com\/wp-content\/uploads\/2024\/07\/NPO_Icon-696.png\",\"contentUrl\":\"https:\/\/www.npo.eu.com\/wp-content\/uploads\/2024\/07\/NPO_Icon-696.png\",\"width\":696,\"height\":696,\"caption\":\"Nuclear Power Outfitters, LLC\"},\"image\":{\"@id\":\"http:\/\/www.npo.eu.com\/fr\/#\/schema\/logo\/image\/\"}}]}<\/script>\n<!-- \/ Yoast SEO plugin. -->","yoast_head_json":{"title":"Conteneurs de protection contre les rayonnements pour le stockage et la mobilisation | NPO Europe","description":"Les conteneurs de stockage et de mobilisation du blindage radiologique de l'OBNL sont con\u00e7us pour les gr\u00e9eurs et ont r\u00e9sist\u00e9 au levage a\u00e9rien et au d\u00e9placement de votre mat\u00e9riau le plus lourd, le plomb.","robots":{"index":"index","follow":"follow","max-snippet":"max-snippet:-1","max-image-preview":"max-image-preview:large","max-video-preview":"max-video-preview:-1"},"canonical":"http:\/\/www.npo.eu.com\/fr\/specialise\/stockage-et-mobilisation-conteneurs-de-protection-contre-les-rayonnements\/","og_locale":"fr_FR","og_type":"article","og_title":"Conteneurs de protection contre les rayonnements pour le stockage et la mobilisation | NPO Europe","og_description":"Les conteneurs de stockage et de mobilisation du blindage radiologique de l'OBNL sont con\u00e7us pour les gr\u00e9eurs et ont r\u00e9sist\u00e9 au levage a\u00e9rien et au d\u00e9placement de votre mat\u00e9riau le plus lourd, le plomb.","og_url":"http:\/\/www.npo.eu.com\/fr\/specialise\/stockage-et-mobilisation-conteneurs-de-protection-contre-les-rayonnements\/","og_site_name":"Nuclear Power Outfitters, LLC","article_modified_time":"2024-12-31T16:05:03+00:00","og_image":[{"url":"https:\/\/www.npo.eu.com\/wp-content\/uploads\/2024\/05\/Storage-Mobilization-Radiation-Shield-Containers.webp","type":"","width":"","height":""}],"twitter_card":"summary_large_image","twitter_misc":{"Dur\u00e9e de lecture estim\u00e9e":"2 minutes"},"schema":{"@context":"https:\/\/schema.org","@graph":[{"@type":"WebPage","@id":"http:\/\/www.npo.eu.com\/fr\/specialise\/stockage-et-mobilisation-conteneurs-de-protection-contre-les-rayonnements\/","url":"http:\/\/www.npo.eu.com\/fr\/specialise\/stockage-et-mobilisation-conteneurs-de-protection-contre-les-rayonnements\/","name":"Conteneurs de protection contre les rayonnements pour le stockage et la mobilisation | NPO Europe","isPartOf":{"@id":"http:\/\/www.npo.eu.com\/fr\/#website"},"primaryImageOfPage":{"@id":"http:\/\/www.npo.eu.com\/fr\/specialise\/stockage-et-mobilisation-conteneurs-de-protection-contre-les-rayonnements\/#primaryimage"},"image":{"@id":"http:\/\/www.npo.eu.com\/fr\/specialise\/stockage-et-mobilisation-conteneurs-de-protection-contre-les-rayonnements\/#primaryimage"},"thumbnailUrl":"https:\/\/www.npo.eu.com\/wp-content\/uploads\/2024\/05\/Storage-Mobilization-Radiation-Shield-Containers.webp","datePublished":"2024-05-29T23:51:16+00:00","dateModified":"2024-12-31T16:05:03+00:00","description":"Les conteneurs de stockage et de mobilisation du blindage radiologique de l'OBNL sont con\u00e7us pour les gr\u00e9eurs et ont r\u00e9sist\u00e9 au levage a\u00e9rien et au d\u00e9placement de votre mat\u00e9riau le plus lourd, le plomb.","breadcrumb":{"@id":"http:\/\/www.npo.eu.com\/fr\/specialise\/stockage-et-mobilisation-conteneurs-de-protection-contre-les-rayonnements\/#breadcrumb"},"inLanguage":"fr-FR","potentialAction":[{"@type":"ReadAction","target":["http:\/\/www.npo.eu.com\/fr\/specialise\/stockage-et-mobilisation-conteneurs-de-protection-contre-les-rayonnements\/"]}]},{"@type":"ImageObject","inLanguage":"fr-FR","@id":"http:\/\/www.npo.eu.com\/fr\/specialise\/stockage-et-mobilisation-conteneurs-de-protection-contre-les-rayonnements\/#primaryimage","url":"https:\/\/www.npo.eu.com\/wp-content\/uploads\/2024\/05\/Storage-Mobilization-Radiation-Shield-Containers.webp","contentUrl":"https:\/\/www.npo.eu.com\/wp-content\/uploads\/2024\/05\/Storage-Mobilization-Radiation-Shield-Containers.webp"},{"@type":"BreadcrumbList","@id":"http:\/\/www.npo.eu.com\/fr\/specialise\/stockage-et-mobilisation-conteneurs-de-protection-contre-les-rayonnements\/#breadcrumb","itemListElement":[{"@type":"ListItem","position":1,"name":"Home","item":"http:\/\/www.npo.eu.com\/fr\/"},{"@type":"ListItem","position":2,"name":"Sp\u00e9cialis\u00e9","item":"https:\/\/www.npo.eu.com\/fr\/specialise\/"},{"@type":"ListItem","position":3,"name":"Stockage et mobilisation Conteneurs de protection contre les rayonnements"}]},{"@type":"WebSite","@id":"http:\/\/www.npo.eu.com\/fr\/#website","url":"http:\/\/www.npo.eu.com\/fr\/","name":"Nuclear Power Outfitters, LLC","description":"","publisher":{"@id":"http:\/\/www.npo.eu.com\/fr\/#organization"},"potentialAction":[{"@type":"SearchAction","target":{"@type":"EntryPoint","urlTemplate":"http:\/\/www.npo.eu.com\/fr\/?s={search_term_string}"},"query-input":{"@type":"PropertyValueSpecification","valueRequired":true,"valueName":"search_term_string"}}],"inLanguage":"fr-FR"},{"@type":"Organization","@id":"http:\/\/www.npo.eu.com\/fr\/#organization","name":"Nuclear Power Outfitters, LLC","url":"http:\/\/www.npo.eu.com\/fr\/","logo":{"@type":"ImageObject","inLanguage":"fr-FR","@id":"http:\/\/www.npo.eu.com\/fr\/#\/schema\/logo\/image\/","url":"https:\/\/www.npo.eu.com\/wp-content\/uploads\/2024\/07\/NPO_Icon-696.png","contentUrl":"https:\/\/www.npo.eu.com\/wp-content\/uploads\/2024\/07\/NPO_Icon-696.png","width":696,"height":696,"caption":"Nuclear Power Outfitters, LLC"},"image":{"@id":"http:\/\/www.npo.eu.com\/fr\/#\/schema\/logo\/image\/"}}]}},"_links":{"self":[{"href":"http:\/\/www.npo.eu.com\/fr\/wp-json\/wp\/v2\/pages\/30271","targetHints":{"allow":["GET"]}}],"collection":[{"href":"http:\/\/www.npo.eu.com\/fr\/wp-json\/wp\/v2\/pages"}],"about":[{"href":"http:\/\/www.npo.eu.com\/fr\/wp-json\/wp\/v2\/types\/page"}],"author":[{"embeddable":true,"href":"http:\/\/www.npo.eu.com\/fr\/wp-json\/wp\/v2\/users\/4"}],"replies":[{"embeddable":true,"href":"http:\/\/www.npo.eu.com\/fr\/wp-json\/wp\/v2\/comments?post=30271"}],"version-history":[{"count":0,"href":"http:\/\/www.npo.eu.com\/fr\/wp-json\/wp\/v2\/pages\/30271\/revisions"}],"up":[{"embeddable":true,"href":"http:\/\/www.npo.eu.com\/fr\/wp-json\/wp\/v2\/pages\/30301"}],"wp:attachment":[{"href":"http:\/\/www.npo.eu.com\/fr\/wp-json\/wp\/v2\/media?parent=30271"}],"curies":[{"name":"wp","href":"https:\/\/api.w.org\/{rel}","templated":true}]}}