{"id":30255,"date":"2024-05-30T18:48:08","date_gmt":"2024-05-30T18:48:08","guid":{"rendered":"https:\/\/npoeustg.wpenginepowered.com\/certification-iso\/"},"modified":"2024-12-30T22:26:49","modified_gmt":"2024-12-30T22:26:49","slug":"certification-iso","status":"publish","type":"page","link":"https:\/\/www.npo.eu.com\/fr\/certification-iso\/","title":{"rendered":"Certification ISO"},"content":{"rendered":"\t\t<div data-elementor-type=\"wp-page\" data-elementor-id=\"30255\" class=\"elementor elementor-30255 elementor-29455\" data-elementor-post-type=\"page\">\n\t\t\t\t<div class=\"elementor-element elementor-element-6315661 top-banner-interior-page e-flex e-con-boxed e-con e-parent\" data-id=\"6315661\" data-element_type=\"container\" data-settings=\"{&quot;background_background&quot;:&quot;classic&quot;,&quot;jet_parallax_layout_list&quot;:[]}\">\n\t\t\t\t\t<div class=\"e-con-inner\">\n\t\t\t\t<div class=\"elementor-element elementor-element-4cb1bd1 elementor-widget__width-inherit section-titles elementor-widget elementor-widget-heading\" data-id=\"4cb1bd1\" data-element_type=\"widget\" data-widget_type=\"heading.default\">\n\t\t\t\t<div class=\"elementor-widget-container\">\n\t\t\t\t\t<h2 class=\"elementor-heading-title elementor-size-default\">Certification ISO<\/h2>\t\t\t\t<\/div>\n\t\t\t\t<\/div>\n\t\t\t\t\t<\/div>\n\t\t\t\t<\/div>\n\t\t<div class=\"elementor-element elementor-element-2791134 e-con-full top-banner-bottom-bar-container e-flex e-con e-parent\" data-id=\"2791134\" data-element_type=\"container\" data-settings=\"{&quot;background_background&quot;:&quot;classic&quot;,&quot;jet_parallax_layout_list&quot;:[]}\">\n\t\t\t\t<div class=\"elementor-element elementor-element-7f68455 elementor-widget__width-inherit top-banner-bottom-bar-spacer elementor-widget elementor-widget-spacer\" data-id=\"7f68455\" data-element_type=\"widget\" data-widget_type=\"spacer.default\">\n\t\t\t\t<div class=\"elementor-widget-container\">\n\t\t\t\t\t\t\t<div class=\"elementor-spacer\">\n\t\t\t<div class=\"elementor-spacer-inner\"><\/div>\n\t\t<\/div>\n\t\t\t\t\t\t<\/div>\n\t\t\t\t<\/div>\n\t\t\t\t<\/div>\n\t\t<div class=\"elementor-element elementor-element-a54acba e-flex e-con-boxed e-con e-parent\" data-id=\"a54acba\" data-element_type=\"container\" data-settings=\"{&quot;background_background&quot;:&quot;classic&quot;,&quot;jet_parallax_layout_list&quot;:[]}\">\n\t\t\t\t\t<div class=\"e-con-inner\">\n\t\t<div class=\"elementor-element elementor-element-63f973d e-con-full e-flex e-con e-child\" data-id=\"63f973d\" data-element_type=\"container\" data-settings=\"{&quot;background_background&quot;:&quot;classic&quot;,&quot;jet_parallax_layout_list&quot;:[]}\">\n\t\t<div class=\"elementor-element elementor-element-b214d8e e-con-full e-flex e-con e-child\" data-id=\"b214d8e\" data-element_type=\"container\" data-settings=\"{&quot;jet_parallax_layout_list&quot;:[]}\">\n\t\t\t\t<div class=\"elementor-element elementor-element-674d816 elementor-widget elementor-widget-image\" data-id=\"674d816\" data-element_type=\"widget\" data-widget_type=\"image.default\">\n\t\t\t\t<div class=\"elementor-widget-container\">\n\t\t\t\t\t\t\t\t\t\t\t\t\t\t\t\t<a href=\"\/wp-content\/uploads\/2024\/05\/USMWA_000173_GenericCertificate_Final-002.pdf\" target=\"_blank\">\n\t\t\t\t\t\t\t<img fetchpriority=\"high\" decoding=\"async\" width=\"676\" height=\"956\" src=\"https:\/\/www.npo.eu.com\/wp-content\/uploads\/2024\/05\/ISO-CERT-APR-2024-1.jpg\" class=\"attachment-full size-full wp-image-29457\" alt=\"\" srcset=\"https:\/\/www.npo.eu.com\/wp-content\/uploads\/2024\/05\/ISO-CERT-APR-2024-1.jpg 676w, https:\/\/www.npo.eu.com\/wp-content\/uploads\/2024\/05\/ISO-CERT-APR-2024-1-212x300.jpg 212w\" sizes=\"(max-width: 676px) 100vw, 676px\" \/>\t\t\t\t\t\t\t\t<\/a>\n\t\t\t\t\t\t\t\t\t\t\t\t\t\t\t<\/div>\n\t\t\t\t<\/div>\n\t\t\t\t<\/div>\n\t\t<div class=\"elementor-element elementor-element-de728e1 e-con-full e-flex e-con e-child\" data-id=\"de728e1\" data-element_type=\"container\" data-settings=\"{&quot;jet_parallax_layout_list&quot;:[]}\">\n\t\t\t\t<div class=\"elementor-element elementor-element-2b1b31e elementor-widget elementor-widget-text-editor\" data-id=\"2b1b31e\" data-element_type=\"widget\" data-widget_type=\"text-editor.default\">\n\t\t\t\t<div class=\"elementor-widget-container\">\n\t\t\t\t\t\t\t\t\t<p>Nuclear Power Outfitters (NPO) a \u00e9t\u00e9 enregistr\u00e9 par SGS selon la s\u00e9rie ISO 9000 de l&rsquo;Organisation internationale de normalisation pour la qualit\u00e9 : ISO 9001:2015.<\/p>\n\t\t\t\t\t\t\t\t<\/div>\n\t\t\t\t<\/div>\n\t\t<div class=\"elementor-element elementor-element-debbc7e e-flex e-con-boxed e-con e-child\" data-id=\"debbc7e\" data-element_type=\"container\" data-settings=\"{&quot;jet_parallax_layout_list&quot;:[]}\">\n\t\t\t\t\t<div class=\"e-con-inner\">\n\t\t\t\t<div class=\"elementor-element elementor-element-90ad3ec elementor-align-center elementor-widget elementor-widget-button\" data-id=\"90ad3ec\" data-element_type=\"widget\" data-widget_type=\"button.default\">\n\t\t\t\t<div class=\"elementor-widget-container\">\n\t\t\t\t\t\t\t\t\t<div class=\"elementor-button-wrapper\">\n\t\t\t\t\t<a class=\"elementor-button elementor-button-link elementor-size-md\" href=\"\/wp-content\/uploads\/2024\/05\/USMWA_000173_GenericCertificate_Final-002.pdf\" target=\"_blank\">\n\t\t\t\t\t\t<span class=\"elementor-button-content-wrapper\">\n\t\t\t\t\t\t\t\t\t<span class=\"elementor-button-text\">Cliquez pour la version PDF du certificat<\/span>\n\t\t\t\t\t<\/span>\n\t\t\t\t\t<\/a>\n\t\t\t\t<\/div>\n\t\t\t\t\t\t\t\t<\/div>\n\t\t\t\t<\/div>\n\t\t\t\t\t<\/div>\n\t\t\t\t<\/div>\n\t\t\t\t<\/div>\n\t\t\t\t<\/div>\n\t\t\t\t\t<\/div>\n\t\t\t\t<\/div>\n\t\t<div class=\"elementor-element elementor-element-30852aa e-con-full e-flex e-con e-parent\" data-id=\"30852aa\" data-element_type=\"container\" data-settings=\"{&quot;jet_parallax_layout_list&quot;:[]}\">\n\t\t\t\t<div class=\"elementor-element elementor-element-dc3093c elementor-widget elementor-widget-template\" data-id=\"dc3093c\" data-element_type=\"widget\" data-widget_type=\"template.default\">\n\t\t\t\t<div class=\"elementor-widget-container\">\n\t\t\t\t\t\t\t<div class=\"elementor-template\">\n\t\t\t\t\t<div data-elementor-type=\"section\" data-elementor-id=\"30196\" class=\"elementor elementor-30196 elementor-29459\" data-elementor-post-type=\"elementor_library\">\n\t\t\t<div class=\"elementor-element elementor-element-b84ca90 e-con-full e-flex e-con e-parent\" data-id=\"b84ca90\" data-element_type=\"container\" data-settings=\"{&quot;background_background&quot;:&quot;classic&quot;,&quot;jet_parallax_layout_list&quot;:[]}\">\n\t\t<div class=\"elementor-element elementor-element-a82f9c2 e-con-full e-flex e-con e-child\" data-id=\"a82f9c2\" data-element_type=\"container\" data-settings=\"{&quot;background_background&quot;:&quot;classic&quot;,&quot;jet_parallax_layout_list&quot;:[]}\">\n\t\t<div class=\"elementor-element elementor-element-37cbc04 e-flex e-con-boxed e-con e-child\" data-id=\"37cbc04\" data-element_type=\"container\" data-settings=\"{&quot;jet_parallax_layout_list&quot;:[]}\">\n\t\t\t\t\t<div class=\"e-con-inner\">\n\t\t\t\t<div class=\"elementor-element elementor-element-9873fc0 elementor-widget elementor-widget-heading\" data-id=\"9873fc0\" data-element_type=\"widget\" data-widget_type=\"heading.default\">\n\t\t\t\t<div class=\"elementor-widget-container\">\n\t\t\t\t\t<h2 class=\"elementor-heading-title elementor-size-default\">Vous souhaitez en savoir plus sur nos produits ?<\/h2>\t\t\t\t<\/div>\n\t\t\t\t<\/div>\n\t\t\t\t<div class=\"elementor-element elementor-element-8b7d684 elementor-widget elementor-widget-text-editor\" data-id=\"8b7d684\" data-element_type=\"widget\" data-widget_type=\"text-editor.default\">\n\t\t\t\t<div class=\"elementor-widget-container\">\n\t\t\t\t\t\t\t\t\t<p>Envoyez-nous un message via notre formulaire de contact et nous r\u00e9pondrons \u00e0 toutes vos questions.<\/p>\n\t\t\t\t\t\t\t\t<\/div>\n\t\t\t\t<\/div>\n\t\t\t\t<div class=\"elementor-element elementor-element-3423244 elementor-align-left elementor-widget elementor-widget-button\" data-id=\"3423244\" data-element_type=\"widget\" data-widget_type=\"button.default\">\n\t\t\t\t<div class=\"elementor-widget-container\">\n\t\t\t\t\t\t\t\t\t<div class=\"elementor-button-wrapper\">\n\t\t\t\t\t<a class=\"elementor-button elementor-button-link elementor-size-md\" href=\"https:\/\/www.npo.eu.com\/fr\/contact\/\">\n\t\t\t\t\t\t<span class=\"elementor-button-content-wrapper\">\n\t\t\t\t\t\t\t\t\t<span class=\"elementor-button-text\">Contactez nous<\/span>\n\t\t\t\t\t<\/span>\n\t\t\t\t\t<\/a>\n\t\t\t\t<\/div>\n\t\t\t\t\t\t\t\t<\/div>\n\t\t\t\t<\/div>\n\t\t\t\t\t<\/div>\n\t\t\t\t<\/div>\n\t\t\t\t<\/div>\n\t\t<div class=\"elementor-element elementor-element-bc07640 e-con-full e-flex e-con e-child\" data-id=\"bc07640\" data-element_type=\"container\" data-settings=\"{&quot;background_background&quot;:&quot;classic&quot;,&quot;jet_parallax_layout_list&quot;:[]}\">\n\t\t\t\t<\/div>\n\t\t\t\t<\/div>\n\t\t\t\t<\/div>\n\t\t\t\t<\/div>\n\t\t\t\t\t\t<\/div>\n\t\t\t\t<\/div>\n\t\t\t\t<\/div>\n\t\t\t\t<\/div>\n\t\t","protected":false},"excerpt":{"rendered":"<p>Certification ISO Nuclear Power Outfitters (NPO) a \u00e9t\u00e9 enregistr\u00e9 par SGS selon la s\u00e9rie ISO 9000 de l&rsquo;Organisation internationale de normalisation pour la qualit\u00e9 : ISO 9001:2015. Cliquez pour la version PDF du certificat<\/p>\n","protected":false},"author":4,"featured_media":0,"parent":0,"menu_order":0,"comment_status":"closed","ping_status":"closed","template":"","meta":{"_acf_changed":false,"inline_featured_image":false,"footnotes":""},"class_list":["post-30255","page","type-page","status-publish","hentry"],"acf":[],"yoast_head":"<!-- This site is optimized with the Yoast SEO plugin v24.1 - https:\/\/yoast.com\/wordpress\/plugins\/seo\/ -->\n<title>NPO Europe - Certification ISO<\/title>\n<meta name=\"robots\" content=\"index, follow, max-snippet:-1, max-image-preview:large, max-video-preview:-1\" \/>\n<link rel=\"canonical\" href=\"https:\/\/www.npo.eu.com\/fr\/certification-iso\/\" \/>\n<meta property=\"og:locale\" content=\"fr_FR\" \/>\n<meta property=\"og:type\" content=\"article\" \/>\n<meta property=\"og:title\" content=\"NPO Europe - Certification ISO\" \/>\n<meta property=\"og:description\" content=\"Certification ISO Nuclear Power Outfitters (NPO) a \u00e9t\u00e9 enregistr\u00e9 par SGS selon la s\u00e9rie ISO 9000 de l&rsquo;Organisation internationale de normalisation pour la qualit\u00e9 : ISO 9001:2015. Cliquez pour la version PDF du certificat\" \/>\n<meta property=\"og:url\" content=\"https:\/\/www.npo.eu.com\/fr\/certification-iso\/\" \/>\n<meta property=\"og:site_name\" content=\"Nuclear Power Outfitters, LLC\" \/>\n<meta property=\"article:modified_time\" content=\"2024-12-30T22:26:49+00:00\" \/>\n<meta property=\"og:image\" content=\"http:\/\/www.npo.eu.com\/wp-content\/uploads\/2024\/05\/ISO-CERT-APR-2024-1.jpg\" \/>\n<meta name=\"twitter:card\" content=\"summary_large_image\" \/>\n<script type=\"application\/ld+json\" class=\"yoast-schema-graph\">{\"@context\":\"https:\/\/schema.org\",\"@graph\":[{\"@type\":\"WebPage\",\"@id\":\"https:\/\/www.npo.eu.com\/fr\/certification-iso\/\",\"url\":\"https:\/\/www.npo.eu.com\/fr\/certification-iso\/\",\"name\":\"NPO Europe - Certification ISO\",\"isPartOf\":{\"@id\":\"https:\/\/www.npo.eu.com\/fr\/#website\"},\"primaryImageOfPage\":{\"@id\":\"https:\/\/www.npo.eu.com\/fr\/certification-iso\/#primaryimage\"},\"image\":{\"@id\":\"https:\/\/www.npo.eu.com\/fr\/certification-iso\/#primaryimage\"},\"thumbnailUrl\":\"http:\/\/www.npo.eu.com\/wp-content\/uploads\/2024\/05\/ISO-CERT-APR-2024-1.jpg\",\"datePublished\":\"2024-05-30T18:48:08+00:00\",\"dateModified\":\"2024-12-30T22:26:49+00:00\",\"breadcrumb\":{\"@id\":\"https:\/\/www.npo.eu.com\/fr\/certification-iso\/#breadcrumb\"},\"inLanguage\":\"fr-FR\",\"potentialAction\":[{\"@type\":\"ReadAction\",\"target\":[\"https:\/\/www.npo.eu.com\/fr\/certification-iso\/\"]}]},{\"@type\":\"ImageObject\",\"inLanguage\":\"fr-FR\",\"@id\":\"https:\/\/www.npo.eu.com\/fr\/certification-iso\/#primaryimage\",\"url\":\"http:\/\/www.npo.eu.com\/wp-content\/uploads\/2024\/05\/ISO-CERT-APR-2024-1.jpg\",\"contentUrl\":\"http:\/\/www.npo.eu.com\/wp-content\/uploads\/2024\/05\/ISO-CERT-APR-2024-1.jpg\"},{\"@type\":\"BreadcrumbList\",\"@id\":\"https:\/\/www.npo.eu.com\/fr\/certification-iso\/#breadcrumb\",\"itemListElement\":[{\"@type\":\"ListItem\",\"position\":1,\"name\":\"Home\",\"item\":\"https:\/\/www.npo.eu.com\/fr\/\"},{\"@type\":\"ListItem\",\"position\":2,\"name\":\"Certification ISO\"}]},{\"@type\":\"WebSite\",\"@id\":\"https:\/\/www.npo.eu.com\/fr\/#website\",\"url\":\"https:\/\/www.npo.eu.com\/fr\/\",\"name\":\"Nuclear Power Outfitters, LLC\",\"description\":\"\",\"publisher\":{\"@id\":\"https:\/\/www.npo.eu.com\/fr\/#organization\"},\"potentialAction\":[{\"@type\":\"SearchAction\",\"target\":{\"@type\":\"EntryPoint\",\"urlTemplate\":\"https:\/\/www.npo.eu.com\/fr\/?s={search_term_string}\"},\"query-input\":{\"@type\":\"PropertyValueSpecification\",\"valueRequired\":true,\"valueName\":\"search_term_string\"}}],\"inLanguage\":\"fr-FR\"},{\"@type\":\"Organization\",\"@id\":\"https:\/\/www.npo.eu.com\/fr\/#organization\",\"name\":\"Nuclear Power Outfitters, LLC\",\"url\":\"https:\/\/www.npo.eu.com\/fr\/\",\"logo\":{\"@type\":\"ImageObject\",\"inLanguage\":\"fr-FR\",\"@id\":\"https:\/\/www.npo.eu.com\/fr\/#\/schema\/logo\/image\/\",\"url\":\"https:\/\/www.npo.eu.com\/wp-content\/uploads\/2024\/07\/NPO_Icon-696.png\",\"contentUrl\":\"https:\/\/www.npo.eu.com\/wp-content\/uploads\/2024\/07\/NPO_Icon-696.png\",\"width\":696,\"height\":696,\"caption\":\"Nuclear Power Outfitters, LLC\"},\"image\":{\"@id\":\"https:\/\/www.npo.eu.com\/fr\/#\/schema\/logo\/image\/\"}}]}<\/script>\n<!-- \/ Yoast SEO plugin. -->","yoast_head_json":{"title":"NPO Europe - Certification ISO","robots":{"index":"index","follow":"follow","max-snippet":"max-snippet:-1","max-image-preview":"max-image-preview:large","max-video-preview":"max-video-preview:-1"},"canonical":"https:\/\/www.npo.eu.com\/fr\/certification-iso\/","og_locale":"fr_FR","og_type":"article","og_title":"NPO Europe - Certification ISO","og_description":"Certification ISO Nuclear Power Outfitters (NPO) a \u00e9t\u00e9 enregistr\u00e9 par SGS selon la s\u00e9rie ISO 9000 de l&rsquo;Organisation internationale de normalisation pour la qualit\u00e9 : ISO 9001:2015. Cliquez pour la version PDF du certificat","og_url":"https:\/\/www.npo.eu.com\/fr\/certification-iso\/","og_site_name":"Nuclear Power Outfitters, LLC","article_modified_time":"2024-12-30T22:26:49+00:00","og_image":[{"url":"http:\/\/www.npo.eu.com\/wp-content\/uploads\/2024\/05\/ISO-CERT-APR-2024-1.jpg","type":"","width":"","height":""}],"twitter_card":"summary_large_image","schema":{"@context":"https:\/\/schema.org","@graph":[{"@type":"WebPage","@id":"https:\/\/www.npo.eu.com\/fr\/certification-iso\/","url":"https:\/\/www.npo.eu.com\/fr\/certification-iso\/","name":"NPO Europe - Certification ISO","isPartOf":{"@id":"https:\/\/www.npo.eu.com\/fr\/#website"},"primaryImageOfPage":{"@id":"https:\/\/www.npo.eu.com\/fr\/certification-iso\/#primaryimage"},"image":{"@id":"https:\/\/www.npo.eu.com\/fr\/certification-iso\/#primaryimage"},"thumbnailUrl":"http:\/\/www.npo.eu.com\/wp-content\/uploads\/2024\/05\/ISO-CERT-APR-2024-1.jpg","datePublished":"2024-05-30T18:48:08+00:00","dateModified":"2024-12-30T22:26:49+00:00","breadcrumb":{"@id":"https:\/\/www.npo.eu.com\/fr\/certification-iso\/#breadcrumb"},"inLanguage":"fr-FR","potentialAction":[{"@type":"ReadAction","target":["https:\/\/www.npo.eu.com\/fr\/certification-iso\/"]}]},{"@type":"ImageObject","inLanguage":"fr-FR","@id":"https:\/\/www.npo.eu.com\/fr\/certification-iso\/#primaryimage","url":"http:\/\/www.npo.eu.com\/wp-content\/uploads\/2024\/05\/ISO-CERT-APR-2024-1.jpg","contentUrl":"http:\/\/www.npo.eu.com\/wp-content\/uploads\/2024\/05\/ISO-CERT-APR-2024-1.jpg"},{"@type":"BreadcrumbList","@id":"https:\/\/www.npo.eu.com\/fr\/certification-iso\/#breadcrumb","itemListElement":[{"@type":"ListItem","position":1,"name":"Home","item":"https:\/\/www.npo.eu.com\/fr\/"},{"@type":"ListItem","position":2,"name":"Certification ISO"}]},{"@type":"WebSite","@id":"https:\/\/www.npo.eu.com\/fr\/#website","url":"https:\/\/www.npo.eu.com\/fr\/","name":"Nuclear Power Outfitters, LLC","description":"","publisher":{"@id":"https:\/\/www.npo.eu.com\/fr\/#organization"},"potentialAction":[{"@type":"SearchAction","target":{"@type":"EntryPoint","urlTemplate":"https:\/\/www.npo.eu.com\/fr\/?s={search_term_string}"},"query-input":{"@type":"PropertyValueSpecification","valueRequired":true,"valueName":"search_term_string"}}],"inLanguage":"fr-FR"},{"@type":"Organization","@id":"https:\/\/www.npo.eu.com\/fr\/#organization","name":"Nuclear Power Outfitters, LLC","url":"https:\/\/www.npo.eu.com\/fr\/","logo":{"@type":"ImageObject","inLanguage":"fr-FR","@id":"https:\/\/www.npo.eu.com\/fr\/#\/schema\/logo\/image\/","url":"https:\/\/www.npo.eu.com\/wp-content\/uploads\/2024\/07\/NPO_Icon-696.png","contentUrl":"https:\/\/www.npo.eu.com\/wp-content\/uploads\/2024\/07\/NPO_Icon-696.png","width":696,"height":696,"caption":"Nuclear Power Outfitters, LLC"},"image":{"@id":"https:\/\/www.npo.eu.com\/fr\/#\/schema\/logo\/image\/"}}]}},"_links":{"self":[{"href":"https:\/\/www.npo.eu.com\/fr\/wp-json\/wp\/v2\/pages\/30255","targetHints":{"allow":["GET"]}}],"collection":[{"href":"https:\/\/www.npo.eu.com\/fr\/wp-json\/wp\/v2\/pages"}],"about":[{"href":"https:\/\/www.npo.eu.com\/fr\/wp-json\/wp\/v2\/types\/page"}],"author":[{"embeddable":true,"href":"https:\/\/www.npo.eu.com\/fr\/wp-json\/wp\/v2\/users\/4"}],"replies":[{"embeddable":true,"href":"https:\/\/www.npo.eu.com\/fr\/wp-json\/wp\/v2\/comments?post=30255"}],"version-history":[{"count":0,"href":"https:\/\/www.npo.eu.com\/fr\/wp-json\/wp\/v2\/pages\/30255\/revisions"}],"wp:attachment":[{"href":"https:\/\/www.npo.eu.com\/fr\/wp-json\/wp\/v2\/media?parent=30255"}],"curies":[{"name":"wp","href":"https:\/\/api.w.org\/{rel}","templated":true}]}}