{"id":30258,"date":"2024-05-30T18:44:09","date_gmt":"2024-05-30T18:44:09","guid":{"rendered":"https:\/\/npoeustg.wpenginepowered.com\/a-propos-de-lopni\/"},"modified":"2024-12-30T22:16:31","modified_gmt":"2024-12-30T22:16:31","slug":"a-propos-de-lopni","status":"publish","type":"page","link":"https:\/\/www.npo.eu.com\/fr\/a-propos-de-lopni\/","title":{"rendered":"\u00c0 propos de NPO"},"content":{"rendered":"\t\t<div data-elementor-type=\"wp-page\" data-elementor-id=\"30258\" class=\"elementor elementor-30258 elementor-29453\" data-elementor-post-type=\"page\">\n\t\t\t\t<div class=\"elementor-element elementor-element-6315661 top-banner-interior-page e-flex e-con-boxed e-con e-parent\" data-id=\"6315661\" data-element_type=\"container\" data-settings=\"{&quot;background_background&quot;:&quot;classic&quot;,&quot;jet_parallax_layout_list&quot;:[]}\">\n\t\t\t\t\t<div class=\"e-con-inner\">\n\t\t\t\t<div class=\"elementor-element elementor-element-4cb1bd1 elementor-widget__width-inherit section-titles elementor-widget elementor-widget-heading\" data-id=\"4cb1bd1\" data-element_type=\"widget\" data-widget_type=\"heading.default\">\n\t\t\t\t<div class=\"elementor-widget-container\">\n\t\t\t\t\t<h2 class=\"elementor-heading-title elementor-size-default\">\u00c0 propos de NPO (Nuclear Power Outfitters, LLC)<\/h2>\t\t\t\t<\/div>\n\t\t\t\t<\/div>\n\t\t\t\t\t<\/div>\n\t\t\t\t<\/div>\n\t\t<div class=\"elementor-element elementor-element-2791134 e-con-full top-banner-bottom-bar-container e-flex e-con e-parent\" data-id=\"2791134\" data-element_type=\"container\" data-settings=\"{&quot;background_background&quot;:&quot;classic&quot;,&quot;jet_parallax_layout_list&quot;:[]}\">\n\t\t\t\t<div class=\"elementor-element elementor-element-7f68455 elementor-widget__width-inherit top-banner-bottom-bar-spacer elementor-widget elementor-widget-spacer\" data-id=\"7f68455\" data-element_type=\"widget\" data-widget_type=\"spacer.default\">\n\t\t\t\t<div class=\"elementor-widget-container\">\n\t\t\t\t\t\t\t<div class=\"elementor-spacer\">\n\t\t\t<div class=\"elementor-spacer-inner\"><\/div>\n\t\t<\/div>\n\t\t\t\t\t\t<\/div>\n\t\t\t\t<\/div>\n\t\t\t\t<\/div>\n\t\t<div class=\"elementor-element elementor-element-7b7e57d e-flex e-con-boxed e-con e-parent\" data-id=\"7b7e57d\" data-element_type=\"container\" data-settings=\"{&quot;background_background&quot;:&quot;classic&quot;,&quot;jet_parallax_layout_list&quot;:[]}\">\n\t\t\t\t\t<div class=\"e-con-inner\">\n\t\t<div class=\"elementor-element elementor-element-f4998f5 e-con-full e-flex e-con e-child\" data-id=\"f4998f5\" data-element_type=\"container\" data-settings=\"{&quot;background_background&quot;:&quot;classic&quot;,&quot;jet_parallax_layout_list&quot;:[]}\">\n\t\t<div class=\"elementor-element elementor-element-001baa6 e-con-full e-flex e-con e-child\" data-id=\"001baa6\" data-element_type=\"container\" data-settings=\"{&quot;jet_parallax_layout_list&quot;:[]}\">\n\t\t\t\t<div class=\"elementor-element elementor-element-a1a4d21 elementor-widget elementor-widget-text-editor\" data-id=\"a1a4d21\" data-element_type=\"widget\" data-widget_type=\"text-editor.default\">\n\t\t\t\t<div class=\"elementor-widget-container\">\n\t\t\t\t\t\t\t\t\t<p>Eichrom Technologies et ses filiales sont les leaders mondiaux dans le domaine de la radiochimie et de la radioprotection. Fond\u00e9e en 1990, Eichrom est \u00e0 la pointe du d\u00e9veloppement et de la commercialisation de nouveaux produits dans les domaines de la radiochimie environnementale, de la m\u00e9decine nucl\u00e9aire et de la g\u00e9ochimie.<\/p>\n<p>NPO (Nuclear Power Outfitters, LLC), fond\u00e9e en 1976, est un sp\u00e9cialiste mondial pour l&rsquo;\u00e9tude, la conception de produits innovants dans le domaine de la radioprotection. Avec des bureaux dans la banlieue de Chicago (USA), \u00e0 Rennes (France) et un r\u00e9seau de distributeurs bien connect\u00e9s dans le monde entier, nous fournissons un service client\u00e8le et une assistance technique complet \u00e0 l&rsquo;\u00e9chelle mondiale.<\/p>\n<p>Notre site de Lisle abrite notre si\u00e8ge social, les op\u00e9rations de fabrication d&rsquo;Eichrom et de NPO, les laboratoires pour le contr\u00f4le qualit\u00e9, la recherche et le d\u00e9veloppement, ainsi que les activit\u00e9s de support technique. Nous sommes agr\u00e9\u00e9s par l&rsquo;\u00c9tat de l&rsquo;Illinois pour travailler avec des mati\u00e8res radioactives et nos produits sont fabriqu\u00e9s dans le cadre d&rsquo;un syst\u00e8me de qualit\u00e9 enregistr\u00e9 selon la norme ISO 9001 depuis 1995.<\/p>\n\t\t\t\t\t\t\t\t<\/div>\n\t\t\t\t<\/div>\n\t\t\t\t<div class=\"elementor-element elementor-element-c93765a elementor-widget elementor-widget-image\" data-id=\"c93765a\" data-element_type=\"widget\" data-widget_type=\"image.default\">\n\t\t\t\t<div class=\"elementor-widget-container\">\n\t\t\t\t\t\t\t\t\t\t\t\t\t\t\t<img fetchpriority=\"high\" decoding=\"async\" width=\"1200\" height=\"616\" src=\"https:\/\/www.npo.eu.com\/wp-content\/uploads\/2024\/05\/Eichrom-Bldg-1200.webp\" class=\"attachment-full size-full wp-image-29454\" alt=\"NPO Building\" srcset=\"https:\/\/www.npo.eu.com\/wp-content\/uploads\/2024\/05\/Eichrom-Bldg-1200.webp 1200w, https:\/\/www.npo.eu.com\/wp-content\/uploads\/2024\/05\/Eichrom-Bldg-1200-300x154.webp 300w, https:\/\/www.npo.eu.com\/wp-content\/uploads\/2024\/05\/Eichrom-Bldg-1200-1024x526.webp 1024w, https:\/\/www.npo.eu.com\/wp-content\/uploads\/2024\/05\/Eichrom-Bldg-1200-768x394.webp 768w\" sizes=\"(max-width: 1200px) 100vw, 1200px\" \/>\t\t\t\t\t\t\t\t\t\t\t\t\t\t\t<\/div>\n\t\t\t\t<\/div>\n\t\t\t\t<\/div>\n\t\t\t\t<\/div>\n\t\t\t\t\t<\/div>\n\t\t\t\t<\/div>\n\t\t<div class=\"elementor-element elementor-element-82eb526 e-con-full e-flex e-con e-parent\" data-id=\"82eb526\" data-element_type=\"container\" data-settings=\"{&quot;jet_parallax_layout_list&quot;:[]}\">\n\t\t\t\t<div class=\"elementor-element elementor-element-817d965 elementor-widget elementor-widget-template\" data-id=\"817d965\" data-element_type=\"widget\" data-widget_type=\"template.default\">\n\t\t\t\t<div class=\"elementor-widget-container\">\n\t\t\t\t\t\t\t<div class=\"elementor-template\">\n\t\t\t\t\t<div data-elementor-type=\"section\" data-elementor-id=\"30196\" class=\"elementor elementor-30196 elementor-29459\" data-elementor-post-type=\"elementor_library\">\n\t\t\t<div class=\"elementor-element elementor-element-b84ca90 e-con-full e-flex e-con e-parent\" data-id=\"b84ca90\" data-element_type=\"container\" data-settings=\"{&quot;background_background&quot;:&quot;classic&quot;,&quot;jet_parallax_layout_list&quot;:[]}\">\n\t\t<div class=\"elementor-element elementor-element-a82f9c2 e-con-full e-flex e-con e-child\" data-id=\"a82f9c2\" data-element_type=\"container\" data-settings=\"{&quot;background_background&quot;:&quot;classic&quot;,&quot;jet_parallax_layout_list&quot;:[]}\">\n\t\t<div class=\"elementor-element elementor-element-37cbc04 e-flex e-con-boxed e-con e-child\" data-id=\"37cbc04\" data-element_type=\"container\" data-settings=\"{&quot;jet_parallax_layout_list&quot;:[]}\">\n\t\t\t\t\t<div class=\"e-con-inner\">\n\t\t\t\t<div class=\"elementor-element elementor-element-9873fc0 elementor-widget elementor-widget-heading\" data-id=\"9873fc0\" data-element_type=\"widget\" data-widget_type=\"heading.default\">\n\t\t\t\t<div class=\"elementor-widget-container\">\n\t\t\t\t\t<h2 class=\"elementor-heading-title elementor-size-default\">Vous souhaitez en savoir plus sur nos produits ?<\/h2>\t\t\t\t<\/div>\n\t\t\t\t<\/div>\n\t\t\t\t<div class=\"elementor-element elementor-element-8b7d684 elementor-widget elementor-widget-text-editor\" data-id=\"8b7d684\" data-element_type=\"widget\" data-widget_type=\"text-editor.default\">\n\t\t\t\t<div class=\"elementor-widget-container\">\n\t\t\t\t\t\t\t\t\t<p>Envoyez-nous un message via notre formulaire de contact et nous r\u00e9pondrons \u00e0 toutes vos questions.<\/p>\n\t\t\t\t\t\t\t\t<\/div>\n\t\t\t\t<\/div>\n\t\t\t\t<div class=\"elementor-element elementor-element-3423244 elementor-align-left elementor-widget elementor-widget-button\" data-id=\"3423244\" data-element_type=\"widget\" data-widget_type=\"button.default\">\n\t\t\t\t<div class=\"elementor-widget-container\">\n\t\t\t\t\t\t\t\t\t<div class=\"elementor-button-wrapper\">\n\t\t\t\t\t<a class=\"elementor-button elementor-button-link elementor-size-md\" href=\"https:\/\/www.npo.eu.com\/fr\/contact\/\">\n\t\t\t\t\t\t<span class=\"elementor-button-content-wrapper\">\n\t\t\t\t\t\t\t\t\t<span class=\"elementor-button-text\">Contactez nous<\/span>\n\t\t\t\t\t<\/span>\n\t\t\t\t\t<\/a>\n\t\t\t\t<\/div>\n\t\t\t\t\t\t\t\t<\/div>\n\t\t\t\t<\/div>\n\t\t\t\t\t<\/div>\n\t\t\t\t<\/div>\n\t\t\t\t<\/div>\n\t\t<div class=\"elementor-element elementor-element-bc07640 e-con-full e-flex e-con e-child\" data-id=\"bc07640\" data-element_type=\"container\" data-settings=\"{&quot;background_background&quot;:&quot;classic&quot;,&quot;jet_parallax_layout_list&quot;:[]}\">\n\t\t\t\t<\/div>\n\t\t\t\t<\/div>\n\t\t\t\t<\/div>\n\t\t\t\t<\/div>\n\t\t\t\t\t\t<\/div>\n\t\t\t\t<\/div>\n\t\t\t\t<\/div>\n\t\t\t\t<\/div>\n\t\t","protected":false},"excerpt":{"rendered":"<p>\u00c0 propos de NPO (Nuclear Power Outfitters, LLC) Eichrom Technologies et ses filiales sont les leaders mondiaux dans le domaine de la radiochimie et de la radioprotection. Fond\u00e9e en 1990, Eichrom est \u00e0 la pointe du d\u00e9veloppement et de la commercialisation de nouveaux produits dans les domaines de la radiochimie environnementale, de la m\u00e9decine nucl\u00e9aire [&hellip;]<\/p>\n","protected":false},"author":4,"featured_media":0,"parent":0,"menu_order":0,"comment_status":"closed","ping_status":"closed","template":"","meta":{"_acf_changed":false,"inline_featured_image":false,"footnotes":""},"class_list":["post-30258","page","type-page","status-publish","hentry"],"acf":[],"yoast_head":"<!-- This site is optimized with the Yoast SEO plugin v24.1 - https:\/\/yoast.com\/wordpress\/plugins\/seo\/ -->\n<title>Nuclear Power Outfitters LLC - A propos de nous<\/title>\n<meta name=\"description\" content=\"NPO (Nuclear Power Outfitters, LLC), fond\u00e9e en 1976, est un sp\u00e9cialiste mondial pour l&#039;\u00e9tude, la conception de produits innovants dans le domaine de la radioprotection.\" \/>\n<meta name=\"robots\" content=\"index, follow, max-snippet:-1, max-image-preview:large, max-video-preview:-1\" \/>\n<link rel=\"canonical\" href=\"https:\/\/www.npo.eu.com\/fr\/a-propos-de-lopni\/\" \/>\n<meta property=\"og:locale\" content=\"fr_FR\" \/>\n<meta property=\"og:type\" content=\"article\" \/>\n<meta property=\"og:title\" content=\"Nuclear Power Outfitters LLC - A propos de nous\" \/>\n<meta property=\"og:description\" content=\"NPO (Nuclear Power Outfitters, LLC), fond\u00e9e en 1976, est un sp\u00e9cialiste mondial pour l&#039;\u00e9tude, la conception de produits innovants dans le domaine de la radioprotection.\" \/>\n<meta property=\"og:url\" content=\"https:\/\/www.npo.eu.com\/fr\/a-propos-de-lopni\/\" \/>\n<meta property=\"og:site_name\" content=\"Nuclear Power Outfitters, LLC\" \/>\n<meta property=\"article:modified_time\" content=\"2024-12-30T22:16:31+00:00\" \/>\n<meta property=\"og:image\" content=\"http:\/\/www.npo.eu.com\/wp-content\/uploads\/2024\/05\/Eichrom-Bldg-1200.webp\" \/>\n<meta name=\"twitter:card\" content=\"summary_large_image\" \/>\n<meta name=\"twitter:label1\" content=\"Dur\u00e9e de lecture estim\u00e9e\" \/>\n\t<meta name=\"twitter:data1\" content=\"1 minute\" \/>\n<script type=\"application\/ld+json\" class=\"yoast-schema-graph\">{\"@context\":\"https:\/\/schema.org\",\"@graph\":[{\"@type\":\"WebPage\",\"@id\":\"https:\/\/www.npo.eu.com\/fr\/a-propos-de-lopni\/\",\"url\":\"https:\/\/www.npo.eu.com\/fr\/a-propos-de-lopni\/\",\"name\":\"Nuclear Power Outfitters LLC - A propos de nous\",\"isPartOf\":{\"@id\":\"https:\/\/www.npo.eu.com\/fr\/#website\"},\"primaryImageOfPage\":{\"@id\":\"https:\/\/www.npo.eu.com\/fr\/a-propos-de-lopni\/#primaryimage\"},\"image\":{\"@id\":\"https:\/\/www.npo.eu.com\/fr\/a-propos-de-lopni\/#primaryimage\"},\"thumbnailUrl\":\"http:\/\/www.npo.eu.com\/wp-content\/uploads\/2024\/05\/Eichrom-Bldg-1200.webp\",\"datePublished\":\"2024-05-30T18:44:09+00:00\",\"dateModified\":\"2024-12-30T22:16:31+00:00\",\"description\":\"NPO (Nuclear Power Outfitters, LLC), fond\u00e9e en 1976, est un sp\u00e9cialiste mondial pour l'\u00e9tude, la conception de produits innovants dans le domaine de la radioprotection.\",\"breadcrumb\":{\"@id\":\"https:\/\/www.npo.eu.com\/fr\/a-propos-de-lopni\/#breadcrumb\"},\"inLanguage\":\"fr-FR\",\"potentialAction\":[{\"@type\":\"ReadAction\",\"target\":[\"https:\/\/www.npo.eu.com\/fr\/a-propos-de-lopni\/\"]}]},{\"@type\":\"ImageObject\",\"inLanguage\":\"fr-FR\",\"@id\":\"https:\/\/www.npo.eu.com\/fr\/a-propos-de-lopni\/#primaryimage\",\"url\":\"http:\/\/www.npo.eu.com\/wp-content\/uploads\/2024\/05\/Eichrom-Bldg-1200.webp\",\"contentUrl\":\"http:\/\/www.npo.eu.com\/wp-content\/uploads\/2024\/05\/Eichrom-Bldg-1200.webp\"},{\"@type\":\"BreadcrumbList\",\"@id\":\"https:\/\/www.npo.eu.com\/fr\/a-propos-de-lopni\/#breadcrumb\",\"itemListElement\":[{\"@type\":\"ListItem\",\"position\":1,\"name\":\"Home\",\"item\":\"https:\/\/www.npo.eu.com\/fr\/\"},{\"@type\":\"ListItem\",\"position\":2,\"name\":\"\u00c0 propos de NPO\"}]},{\"@type\":\"WebSite\",\"@id\":\"https:\/\/www.npo.eu.com\/fr\/#website\",\"url\":\"https:\/\/www.npo.eu.com\/fr\/\",\"name\":\"Nuclear Power Outfitters, LLC\",\"description\":\"\",\"publisher\":{\"@id\":\"https:\/\/www.npo.eu.com\/fr\/#organization\"},\"potentialAction\":[{\"@type\":\"SearchAction\",\"target\":{\"@type\":\"EntryPoint\",\"urlTemplate\":\"https:\/\/www.npo.eu.com\/fr\/?s={search_term_string}\"},\"query-input\":{\"@type\":\"PropertyValueSpecification\",\"valueRequired\":true,\"valueName\":\"search_term_string\"}}],\"inLanguage\":\"fr-FR\"},{\"@type\":\"Organization\",\"@id\":\"https:\/\/www.npo.eu.com\/fr\/#organization\",\"name\":\"Nuclear Power Outfitters, LLC\",\"url\":\"https:\/\/www.npo.eu.com\/fr\/\",\"logo\":{\"@type\":\"ImageObject\",\"inLanguage\":\"fr-FR\",\"@id\":\"https:\/\/www.npo.eu.com\/fr\/#\/schema\/logo\/image\/\",\"url\":\"https:\/\/www.npo.eu.com\/wp-content\/uploads\/2024\/07\/NPO_Icon-696.png\",\"contentUrl\":\"https:\/\/www.npo.eu.com\/wp-content\/uploads\/2024\/07\/NPO_Icon-696.png\",\"width\":696,\"height\":696,\"caption\":\"Nuclear Power Outfitters, LLC\"},\"image\":{\"@id\":\"https:\/\/www.npo.eu.com\/fr\/#\/schema\/logo\/image\/\"}}]}<\/script>\n<!-- \/ Yoast SEO plugin. -->","yoast_head_json":{"title":"Nuclear Power Outfitters LLC - A propos de nous","description":"NPO (Nuclear Power Outfitters, LLC), fond\u00e9e en 1976, est un sp\u00e9cialiste mondial pour l'\u00e9tude, la conception de produits innovants dans le domaine de la radioprotection.","robots":{"index":"index","follow":"follow","max-snippet":"max-snippet:-1","max-image-preview":"max-image-preview:large","max-video-preview":"max-video-preview:-1"},"canonical":"https:\/\/www.npo.eu.com\/fr\/a-propos-de-lopni\/","og_locale":"fr_FR","og_type":"article","og_title":"Nuclear Power Outfitters LLC - A propos de nous","og_description":"NPO (Nuclear Power Outfitters, LLC), fond\u00e9e en 1976, est un sp\u00e9cialiste mondial pour l'\u00e9tude, la conception de produits innovants dans le domaine de la radioprotection.","og_url":"https:\/\/www.npo.eu.com\/fr\/a-propos-de-lopni\/","og_site_name":"Nuclear Power Outfitters, LLC","article_modified_time":"2024-12-30T22:16:31+00:00","og_image":[{"url":"http:\/\/www.npo.eu.com\/wp-content\/uploads\/2024\/05\/Eichrom-Bldg-1200.webp","type":"","width":"","height":""}],"twitter_card":"summary_large_image","twitter_misc":{"Dur\u00e9e de lecture estim\u00e9e":"1 minute"},"schema":{"@context":"https:\/\/schema.org","@graph":[{"@type":"WebPage","@id":"https:\/\/www.npo.eu.com\/fr\/a-propos-de-lopni\/","url":"https:\/\/www.npo.eu.com\/fr\/a-propos-de-lopni\/","name":"Nuclear Power Outfitters LLC - A propos de nous","isPartOf":{"@id":"https:\/\/www.npo.eu.com\/fr\/#website"},"primaryImageOfPage":{"@id":"https:\/\/www.npo.eu.com\/fr\/a-propos-de-lopni\/#primaryimage"},"image":{"@id":"https:\/\/www.npo.eu.com\/fr\/a-propos-de-lopni\/#primaryimage"},"thumbnailUrl":"http:\/\/www.npo.eu.com\/wp-content\/uploads\/2024\/05\/Eichrom-Bldg-1200.webp","datePublished":"2024-05-30T18:44:09+00:00","dateModified":"2024-12-30T22:16:31+00:00","description":"NPO (Nuclear Power Outfitters, LLC), fond\u00e9e en 1976, est un sp\u00e9cialiste mondial pour l'\u00e9tude, la conception de produits innovants dans le domaine de la radioprotection.","breadcrumb":{"@id":"https:\/\/www.npo.eu.com\/fr\/a-propos-de-lopni\/#breadcrumb"},"inLanguage":"fr-FR","potentialAction":[{"@type":"ReadAction","target":["https:\/\/www.npo.eu.com\/fr\/a-propos-de-lopni\/"]}]},{"@type":"ImageObject","inLanguage":"fr-FR","@id":"https:\/\/www.npo.eu.com\/fr\/a-propos-de-lopni\/#primaryimage","url":"http:\/\/www.npo.eu.com\/wp-content\/uploads\/2024\/05\/Eichrom-Bldg-1200.webp","contentUrl":"http:\/\/www.npo.eu.com\/wp-content\/uploads\/2024\/05\/Eichrom-Bldg-1200.webp"},{"@type":"BreadcrumbList","@id":"https:\/\/www.npo.eu.com\/fr\/a-propos-de-lopni\/#breadcrumb","itemListElement":[{"@type":"ListItem","position":1,"name":"Home","item":"https:\/\/www.npo.eu.com\/fr\/"},{"@type":"ListItem","position":2,"name":"\u00c0 propos de NPO"}]},{"@type":"WebSite","@id":"https:\/\/www.npo.eu.com\/fr\/#website","url":"https:\/\/www.npo.eu.com\/fr\/","name":"Nuclear Power Outfitters, LLC","description":"","publisher":{"@id":"https:\/\/www.npo.eu.com\/fr\/#organization"},"potentialAction":[{"@type":"SearchAction","target":{"@type":"EntryPoint","urlTemplate":"https:\/\/www.npo.eu.com\/fr\/?s={search_term_string}"},"query-input":{"@type":"PropertyValueSpecification","valueRequired":true,"valueName":"search_term_string"}}],"inLanguage":"fr-FR"},{"@type":"Organization","@id":"https:\/\/www.npo.eu.com\/fr\/#organization","name":"Nuclear Power Outfitters, LLC","url":"https:\/\/www.npo.eu.com\/fr\/","logo":{"@type":"ImageObject","inLanguage":"fr-FR","@id":"https:\/\/www.npo.eu.com\/fr\/#\/schema\/logo\/image\/","url":"https:\/\/www.npo.eu.com\/wp-content\/uploads\/2024\/07\/NPO_Icon-696.png","contentUrl":"https:\/\/www.npo.eu.com\/wp-content\/uploads\/2024\/07\/NPO_Icon-696.png","width":696,"height":696,"caption":"Nuclear Power Outfitters, LLC"},"image":{"@id":"https:\/\/www.npo.eu.com\/fr\/#\/schema\/logo\/image\/"}}]}},"_links":{"self":[{"href":"https:\/\/www.npo.eu.com\/fr\/wp-json\/wp\/v2\/pages\/30258","targetHints":{"allow":["GET"]}}],"collection":[{"href":"https:\/\/www.npo.eu.com\/fr\/wp-json\/wp\/v2\/pages"}],"about":[{"href":"https:\/\/www.npo.eu.com\/fr\/wp-json\/wp\/v2\/types\/page"}],"author":[{"embeddable":true,"href":"https:\/\/www.npo.eu.com\/fr\/wp-json\/wp\/v2\/users\/4"}],"replies":[{"embeddable":true,"href":"https:\/\/www.npo.eu.com\/fr\/wp-json\/wp\/v2\/comments?post=30258"}],"version-history":[{"count":0,"href":"https:\/\/www.npo.eu.com\/fr\/wp-json\/wp\/v2\/pages\/30258\/revisions"}],"wp:attachment":[{"href":"https:\/\/www.npo.eu.com\/fr\/wp-json\/wp\/v2\/media?parent=30258"}],"curies":[{"name":"wp","href":"https:\/\/api.w.org\/{rel}","templated":true}]}}