{"id":30276,"date":"2024-05-29T22:49:55","date_gmt":"2024-05-29T22:49:55","guid":{"rendered":"https:\/\/npoeustg.wpenginepowered.com\/blindage-neutronique\/"},"modified":"2024-12-31T16:04:33","modified_gmt":"2024-12-31T16:04:33","slug":"blindage-neutronique","status":"publish","type":"page","link":"https:\/\/www.npo.eu.com\/fr\/specialise\/stockage-des-combustibles-uses-2\/blindage-neutronique\/","title":{"rendered":"Blindage neutronique"},"content":{"rendered":"\t\t<div data-elementor-type=\"wp-page\" data-elementor-id=\"30276\" class=\"elementor elementor-30276 elementor-29390\" data-elementor-post-type=\"page\">\n\t\t\t\t<div class=\"elementor-element elementor-element-6315661 top-banner-interior-page e-flex e-con-boxed e-con e-parent\" data-id=\"6315661\" data-element_type=\"container\" data-settings=\"{&quot;background_background&quot;:&quot;classic&quot;,&quot;jet_parallax_layout_list&quot;:[]}\">\n\t\t\t\t\t<div class=\"e-con-inner\">\n\t\t\t\t<div class=\"elementor-element elementor-element-4cb1bd1 elementor-widget__width-inherit section-titles elementor-widget elementor-widget-heading\" data-id=\"4cb1bd1\" data-element_type=\"widget\" data-widget_type=\"heading.default\">\n\t\t\t\t<div class=\"elementor-widget-container\">\n\t\t\t\t\t<h2 class=\"elementor-heading-title elementor-size-default\">Blindage neutronique\n<\/h2>\t\t\t\t<\/div>\n\t\t\t\t<\/div>\n\t\t\t\t\t<\/div>\n\t\t\t\t<\/div>\n\t\t<div class=\"elementor-element elementor-element-2791134 e-con-full top-banner-bottom-bar-container e-flex e-con e-parent\" data-id=\"2791134\" data-element_type=\"container\" data-settings=\"{&quot;background_background&quot;:&quot;classic&quot;,&quot;jet_parallax_layout_list&quot;:[]}\">\n\t\t\t\t<div class=\"elementor-element elementor-element-7f68455 elementor-widget__width-inherit top-banner-bottom-bar-spacer elementor-widget elementor-widget-spacer\" data-id=\"7f68455\" data-element_type=\"widget\" data-widget_type=\"spacer.default\">\n\t\t\t\t<div class=\"elementor-widget-container\">\n\t\t\t\t\t\t\t<div class=\"elementor-spacer\">\n\t\t\t<div class=\"elementor-spacer-inner\"><\/div>\n\t\t<\/div>\n\t\t\t\t\t\t<\/div>\n\t\t\t\t<\/div>\n\t\t\t\t<\/div>\n\t\t<div class=\"elementor-element elementor-element-aa9d437 e-flex e-con-boxed e-con e-parent\" data-id=\"aa9d437\" data-element_type=\"container\" data-settings=\"{&quot;background_background&quot;:&quot;classic&quot;,&quot;jet_parallax_layout_list&quot;:[]}\">\n\t\t\t\t\t<div class=\"e-con-inner\">\n\t\t<div class=\"elementor-element elementor-element-3053ec3 e-con-full e-flex e-con e-child\" data-id=\"3053ec3\" data-element_type=\"container\" data-settings=\"{&quot;background_background&quot;:&quot;classic&quot;,&quot;jet_parallax_layout_list&quot;:[]}\">\n\t\t<div class=\"elementor-element elementor-element-1fa1af8 e-con-full e-flex e-con e-child\" data-id=\"1fa1af8\" data-element_type=\"container\" data-settings=\"{&quot;jet_parallax_layout_list&quot;:[]}\">\n\t\t\t\t<div class=\"elementor-element elementor-element-7dc7893 elementor-widget elementor-widget-text-editor\" data-id=\"7dc7893\" data-element_type=\"widget\" data-widget_type=\"text-editor.default\">\n\t\t\t\t<div class=\"elementor-widget-container\">\n\t\t\t\t\t\t\t\t\t<p>Les cloches de blindage de l&#8217;emballage de transfert de NPO fournissent un blindage contre les rayons gamma et les neutrons pendant les op\u00e9rations d&#8217;emballage \u00e0 sec. Le cylindre fournit un blindage autour de l&#8217;emballage de transfert et au-dessus de la plate-forme de travail. En g\u00e9n\u00e9ral, le cylindre est surmont\u00e9 d&rsquo;un anneau de 152 mm de haut et de 152 mm d&rsquo;\u00e9paisseur qui r\u00e9duit la brillance du couvercle de la bo\u00eete et de l&rsquo;espace annulaire. Le bouclier de la cloche est soutenu par la partie sup\u00e9rieure du f\u00fbt de transfert et peut \u00eatre fabriqu\u00e9 pour \u00eatre utilis\u00e9 avec n&rsquo;importe quel syst\u00e8me de f\u00fbt sec. La quantit\u00e9 de poly\u00e9thyl\u00e8ne bor\u00e9, d&rsquo;acier et\/ou de plomb peut \u00eatre adapt\u00e9e aux besoins individuels de chaque site.&nbsp;&nbsp;<\/p>\n\t\t\t\t\t\t\t\t<\/div>\n\t\t\t\t<\/div>\n\t\t\t\t<div class=\"elementor-element elementor-element-7a6a05b elementor-widget elementor-widget-gallery\" data-id=\"7a6a05b\" data-element_type=\"widget\" data-settings=\"{&quot;gap&quot;:{&quot;unit&quot;:&quot;px&quot;,&quot;size&quot;:30,&quot;sizes&quot;:[]},&quot;aspect_ratio&quot;:&quot;1:1&quot;,&quot;gap_tablet&quot;:{&quot;unit&quot;:&quot;px&quot;,&quot;size&quot;:30,&quot;sizes&quot;:[]},&quot;lazyload&quot;:&quot;yes&quot;,&quot;gallery_layout&quot;:&quot;grid&quot;,&quot;columns&quot;:4,&quot;columns_tablet&quot;:2,&quot;columns_mobile&quot;:1,&quot;gap_mobile&quot;:{&quot;unit&quot;:&quot;px&quot;,&quot;size&quot;:10,&quot;sizes&quot;:[]},&quot;link_to&quot;:&quot;file&quot;,&quot;overlay_background&quot;:&quot;yes&quot;,&quot;content_hover_animation&quot;:&quot;fade-in&quot;}\" data-widget_type=\"gallery.default\">\n\t\t\t\t<div class=\"elementor-widget-container\">\n\t\t\t\t\t\t\t<div class=\"elementor-gallery__container\">\n\t\t\t\t\t\t\t<a class=\"e-gallery-item elementor-gallery-item elementor-animated-content\" href=\"https:\/\/www.npo.eu.com\/wp-content\/uploads\/2024\/05\/3-1-4-Summer-BPE-Wall-1024x768-1.webp\" data-elementor-open-lightbox=\"yes\" data-elementor-lightbox-slideshow=\"7a6a05b\" data-elementor-lightbox-title=\"3-1-4-Summer-BPE-Wall-1024x768\" data-e-action-hash=\"#elementor-action%3Aaction%3Dlightbox%26settings%3DeyJpZCI6MjkzOTUsInVybCI6Imh0dHBzOlwvXC93d3cubnBvLmV1LmNvbVwvd3AtY29udGVudFwvdXBsb2Fkc1wvMjAyNFwvMDVcLzMtMS00LVN1bW1lci1CUEUtV2FsbC0xMDI0eDc2OC0xLndlYnAiLCJzbGlkZXNob3ciOiI3YTZhMDViIn0%3D\">\n\t\t\t\t\t<div class=\"e-gallery-image elementor-gallery-item__image\" data-thumbnail=\"https:\/\/www.npo.eu.com\/wp-content\/uploads\/2024\/05\/3-1-4-Summer-BPE-Wall-1024x768-1.webp\" data-width=\"1024\" data-height=\"768\" aria-label=\"\" role=\"img\" ><\/div>\n\t\t\t\t\t\t\t\t\t\t\t<div class=\"elementor-gallery-item__overlay\"><\/div>\n\t\t\t\t\t\t\t\t\t\t\t\t\t\t<\/a>\n\t\t\t\t\t\t\t<a class=\"e-gallery-item elementor-gallery-item elementor-animated-content\" href=\"https:\/\/www.npo.eu.com\/wp-content\/uploads\/2024\/05\/3-1-4-BPE-Wall-3-1024x683-1.webp\" data-elementor-open-lightbox=\"yes\" data-elementor-lightbox-slideshow=\"7a6a05b\" data-elementor-lightbox-title=\"3-1-4-BPE-Wall-3-1024x683\" data-e-action-hash=\"#elementor-action%3Aaction%3Dlightbox%26settings%3DeyJpZCI6MjkzOTQsInVybCI6Imh0dHBzOlwvXC93d3cubnBvLmV1LmNvbVwvd3AtY29udGVudFwvdXBsb2Fkc1wvMjAyNFwvMDVcLzMtMS00LUJQRS1XYWxsLTMtMTAyNHg2ODMtMS53ZWJwIiwic2xpZGVzaG93IjoiN2E2YTA1YiJ9\">\n\t\t\t\t\t<div class=\"e-gallery-image elementor-gallery-item__image\" data-thumbnail=\"https:\/\/www.npo.eu.com\/wp-content\/uploads\/2024\/05\/3-1-4-BPE-Wall-3-1024x683-1.webp\" data-width=\"1024\" data-height=\"683\" aria-label=\"\" role=\"img\" ><\/div>\n\t\t\t\t\t\t\t\t\t\t\t<div class=\"elementor-gallery-item__overlay\"><\/div>\n\t\t\t\t\t\t\t\t\t\t\t\t\t\t<\/a>\n\t\t\t\t\t\t\t<a class=\"e-gallery-item elementor-gallery-item elementor-animated-content\" href=\"https:\/\/www.npo.eu.com\/wp-content\/uploads\/2024\/05\/3-1-4-BPE-Wall-2-683x1024-1.webp\" data-elementor-open-lightbox=\"yes\" data-elementor-lightbox-slideshow=\"7a6a05b\" data-elementor-lightbox-title=\"3-1-4-BPE-Wall-2-683x1024\" data-e-action-hash=\"#elementor-action%3Aaction%3Dlightbox%26settings%3DeyJpZCI6MjkzOTMsInVybCI6Imh0dHBzOlwvXC93d3cubnBvLmV1LmNvbVwvd3AtY29udGVudFwvdXBsb2Fkc1wvMjAyNFwvMDVcLzMtMS00LUJQRS1XYWxsLTItNjgzeDEwMjQtMS53ZWJwIiwic2xpZGVzaG93IjoiN2E2YTA1YiJ9\">\n\t\t\t\t\t<div class=\"e-gallery-image elementor-gallery-item__image\" data-thumbnail=\"https:\/\/www.npo.eu.com\/wp-content\/uploads\/2024\/05\/3-1-4-BPE-Wall-2-683x1024-1.webp\" data-width=\"683\" data-height=\"1024\" aria-label=\"\" role=\"img\" ><\/div>\n\t\t\t\t\t\t\t\t\t\t\t<div class=\"elementor-gallery-item__overlay\"><\/div>\n\t\t\t\t\t\t\t\t\t\t\t\t\t\t<\/a>\n\t\t\t\t\t\t\t<a class=\"e-gallery-item elementor-gallery-item elementor-animated-content\" href=\"https:\/\/www.npo.eu.com\/wp-content\/uploads\/2024\/05\/3-1-4-BPE-Wall-1-1024x452-1.webp\" data-elementor-open-lightbox=\"yes\" data-elementor-lightbox-slideshow=\"7a6a05b\" data-elementor-lightbox-title=\"3-1-4-BPE-Wall-1-1024x452\" data-e-action-hash=\"#elementor-action%3Aaction%3Dlightbox%26settings%3DeyJpZCI6MjkzOTIsInVybCI6Imh0dHBzOlwvXC93d3cubnBvLmV1LmNvbVwvd3AtY29udGVudFwvdXBsb2Fkc1wvMjAyNFwvMDVcLzMtMS00LUJQRS1XYWxsLTEtMTAyNHg0NTItMS53ZWJwIiwic2xpZGVzaG93IjoiN2E2YTA1YiJ9\">\n\t\t\t\t\t<div class=\"e-gallery-image elementor-gallery-item__image\" data-thumbnail=\"https:\/\/www.npo.eu.com\/wp-content\/uploads\/2024\/05\/3-1-4-BPE-Wall-1-1024x452-1.webp\" data-width=\"1024\" data-height=\"452\" aria-label=\"\" role=\"img\" ><\/div>\n\t\t\t\t\t\t\t\t\t\t\t<div class=\"elementor-gallery-item__overlay\"><\/div>\n\t\t\t\t\t\t\t\t\t\t\t\t\t\t<\/a>\n\t\t\t\t\t<\/div>\n\t\t\t\t\t<\/div>\n\t\t\t\t<\/div>\n\t\t\t\t<\/div>\n\t\t\t\t<\/div>\n\t\t\t\t\t<\/div>\n\t\t\t\t<\/div>\n\t\t<div class=\"elementor-element elementor-element-46c60cd e-con-full e-flex e-con e-parent\" data-id=\"46c60cd\" data-element_type=\"container\" data-settings=\"{&quot;jet_parallax_layout_list&quot;:[]}\">\n\t\t\t\t<div class=\"elementor-element elementor-element-1f92278 elementor-widget elementor-widget-template\" data-id=\"1f92278\" data-element_type=\"widget\" data-widget_type=\"template.default\">\n\t\t\t\t<div class=\"elementor-widget-container\">\n\t\t\t\t\t\t\t<div class=\"elementor-template\">\n\t\t\t\t\t<div data-elementor-type=\"section\" data-elementor-id=\"30196\" class=\"elementor elementor-30196 elementor-29459\" data-elementor-post-type=\"elementor_library\">\n\t\t\t<div class=\"elementor-element elementor-element-b84ca90 e-con-full e-flex e-con e-parent\" data-id=\"b84ca90\" data-element_type=\"container\" data-settings=\"{&quot;background_background&quot;:&quot;classic&quot;,&quot;jet_parallax_layout_list&quot;:[]}\">\n\t\t<div class=\"elementor-element elementor-element-a82f9c2 e-con-full e-flex e-con e-child\" data-id=\"a82f9c2\" data-element_type=\"container\" data-settings=\"{&quot;background_background&quot;:&quot;classic&quot;,&quot;jet_parallax_layout_list&quot;:[]}\">\n\t\t<div class=\"elementor-element elementor-element-37cbc04 e-flex e-con-boxed e-con e-child\" data-id=\"37cbc04\" data-element_type=\"container\" data-settings=\"{&quot;jet_parallax_layout_list&quot;:[]}\">\n\t\t\t\t\t<div class=\"e-con-inner\">\n\t\t\t\t<div class=\"elementor-element elementor-element-9873fc0 elementor-widget elementor-widget-heading\" data-id=\"9873fc0\" data-element_type=\"widget\" data-widget_type=\"heading.default\">\n\t\t\t\t<div class=\"elementor-widget-container\">\n\t\t\t\t\t<h2 class=\"elementor-heading-title elementor-size-default\">Vous souhaitez en savoir plus sur nos produits ?<\/h2>\t\t\t\t<\/div>\n\t\t\t\t<\/div>\n\t\t\t\t<div class=\"elementor-element elementor-element-8b7d684 elementor-widget elementor-widget-text-editor\" data-id=\"8b7d684\" data-element_type=\"widget\" data-widget_type=\"text-editor.default\">\n\t\t\t\t<div class=\"elementor-widget-container\">\n\t\t\t\t\t\t\t\t\t<p>Envoyez-nous un message via notre formulaire de contact et nous r\u00e9pondrons \u00e0 toutes vos questions.<\/p>\n\t\t\t\t\t\t\t\t<\/div>\n\t\t\t\t<\/div>\n\t\t\t\t<div class=\"elementor-element elementor-element-3423244 elementor-align-left elementor-widget elementor-widget-button\" data-id=\"3423244\" data-element_type=\"widget\" data-widget_type=\"button.default\">\n\t\t\t\t<div class=\"elementor-widget-container\">\n\t\t\t\t\t\t\t\t\t<div class=\"elementor-button-wrapper\">\n\t\t\t\t\t<a class=\"elementor-button elementor-button-link elementor-size-md\" href=\"https:\/\/www.npo.eu.com\/fr\/contact\/\">\n\t\t\t\t\t\t<span class=\"elementor-button-content-wrapper\">\n\t\t\t\t\t\t\t\t\t<span class=\"elementor-button-text\">Contactez nous<\/span>\n\t\t\t\t\t<\/span>\n\t\t\t\t\t<\/a>\n\t\t\t\t<\/div>\n\t\t\t\t\t\t\t\t<\/div>\n\t\t\t\t<\/div>\n\t\t\t\t\t<\/div>\n\t\t\t\t<\/div>\n\t\t\t\t<\/div>\n\t\t<div class=\"elementor-element elementor-element-bc07640 e-con-full e-flex e-con e-child\" data-id=\"bc07640\" data-element_type=\"container\" data-settings=\"{&quot;background_background&quot;:&quot;classic&quot;,&quot;jet_parallax_layout_list&quot;:[]}\">\n\t\t\t\t<\/div>\n\t\t\t\t<\/div>\n\t\t\t\t<\/div>\n\t\t\t\t<\/div>\n\t\t\t\t\t\t<\/div>\n\t\t\t\t<\/div>\n\t\t\t\t<\/div>\n\t\t\t\t<\/div>\n\t\t","protected":false},"excerpt":{"rendered":"<p>Blindage neutronique Les cloches de blindage de l&#8217;emballage de transfert de NPO fournissent un blindage contre les rayons gamma et les neutrons pendant les op\u00e9rations d&#8217;emballage \u00e0 sec. Le cylindre fournit un blindage autour de l&#8217;emballage de transfert et au-dessus de la plate-forme de travail. En g\u00e9n\u00e9ral, le cylindre est surmont\u00e9 d&rsquo;un anneau de 152 [&hellip;]<\/p>\n","protected":false},"author":4,"featured_media":0,"parent":30296,"menu_order":0,"comment_status":"closed","ping_status":"closed","template":"","meta":{"_acf_changed":false,"inline_featured_image":false,"footnotes":""},"class_list":["post-30276","page","type-page","status-publish","hentry"],"acf":[],"yoast_head":"<!-- This site is optimized with the Yoast SEO plugin v24.1 - https:\/\/yoast.com\/wordpress\/plugins\/seo\/ -->\n<title>Blindage neutronique | NPO Europe<\/title>\n<meta name=\"description\" content=\"Les panneaux de protection en poly\u00e9thyl\u00e8ne bor\u00e9 solide sont construits avec des bords en onglet afin d&#039;\u00e9liminer les interstices et les trous pour la fixation \u00e0 l&#039;aide d&#039;une attache, d&#039;un mousqueton ou d&#039;un crochet en S sur les mains courantes, etc.\" \/>\n<meta name=\"robots\" content=\"index, follow, max-snippet:-1, max-image-preview:large, max-video-preview:-1\" \/>\n<link rel=\"canonical\" href=\"https:\/\/www.npo.eu.com\/fr\/specialise\/stockage-des-combustibles-uses-2\/blindage-neutronique\/\" \/>\n<meta property=\"og:locale\" content=\"fr_FR\" \/>\n<meta property=\"og:type\" content=\"article\" \/>\n<meta property=\"og:title\" content=\"Blindage neutronique | NPO Europe\" \/>\n<meta property=\"og:description\" content=\"Les panneaux de protection en poly\u00e9thyl\u00e8ne bor\u00e9 solide sont construits avec des bords en onglet afin d&#039;\u00e9liminer les interstices et les trous pour la fixation \u00e0 l&#039;aide d&#039;une attache, d&#039;un mousqueton ou d&#039;un crochet en S sur les mains courantes, etc.\" \/>\n<meta property=\"og:url\" content=\"https:\/\/www.npo.eu.com\/fr\/specialise\/stockage-des-combustibles-uses-2\/blindage-neutronique\/\" \/>\n<meta property=\"og:site_name\" content=\"Nuclear Power Outfitters, LLC\" \/>\n<meta property=\"article:modified_time\" content=\"2024-12-31T16:04:33+00:00\" \/>\n<meta name=\"twitter:card\" content=\"summary_large_image\" \/>\n<meta name=\"twitter:label1\" content=\"Dur\u00e9e de lecture estim\u00e9e\" \/>\n\t<meta name=\"twitter:data1\" content=\"1 minute\" \/>\n<script type=\"application\/ld+json\" class=\"yoast-schema-graph\">{\"@context\":\"https:\/\/schema.org\",\"@graph\":[{\"@type\":\"WebPage\",\"@id\":\"https:\/\/www.npo.eu.com\/fr\/specialise\/stockage-des-combustibles-uses-2\/blindage-neutronique\/\",\"url\":\"https:\/\/www.npo.eu.com\/fr\/specialise\/stockage-des-combustibles-uses-2\/blindage-neutronique\/\",\"name\":\"Blindage neutronique | NPO Europe\",\"isPartOf\":{\"@id\":\"https:\/\/www.npo.eu.com\/fr\/#website\"},\"datePublished\":\"2024-05-29T22:49:55+00:00\",\"dateModified\":\"2024-12-31T16:04:33+00:00\",\"description\":\"Les panneaux de protection en poly\u00e9thyl\u00e8ne bor\u00e9 solide sont construits avec des bords en onglet afin d'\u00e9liminer les interstices et les trous pour la fixation \u00e0 l'aide d'une attache, d'un mousqueton ou d'un crochet en S sur les mains courantes, etc.\",\"breadcrumb\":{\"@id\":\"https:\/\/www.npo.eu.com\/fr\/specialise\/stockage-des-combustibles-uses-2\/blindage-neutronique\/#breadcrumb\"},\"inLanguage\":\"fr-FR\",\"potentialAction\":[{\"@type\":\"ReadAction\",\"target\":[\"https:\/\/www.npo.eu.com\/fr\/specialise\/stockage-des-combustibles-uses-2\/blindage-neutronique\/\"]}]},{\"@type\":\"BreadcrumbList\",\"@id\":\"https:\/\/www.npo.eu.com\/fr\/specialise\/stockage-des-combustibles-uses-2\/blindage-neutronique\/#breadcrumb\",\"itemListElement\":[{\"@type\":\"ListItem\",\"position\":1,\"name\":\"Home\",\"item\":\"https:\/\/www.npo.eu.com\/fr\/\"},{\"@type\":\"ListItem\",\"position\":2,\"name\":\"Sp\u00e9cialis\u00e9\",\"item\":\"https:\/\/www.npo.eu.com\/fr\/specialise\/\"},{\"@type\":\"ListItem\",\"position\":3,\"name\":\"Stockage des combustibles us\u00e9s\",\"item\":\"http:\/\/www.npo.eu.com\/fr\/specialise\/stockage-des-combustibles-uses-2\/\"},{\"@type\":\"ListItem\",\"position\":4,\"name\":\"Blindage neutronique\"}]},{\"@type\":\"WebSite\",\"@id\":\"https:\/\/www.npo.eu.com\/fr\/#website\",\"url\":\"https:\/\/www.npo.eu.com\/fr\/\",\"name\":\"Nuclear Power Outfitters, LLC\",\"description\":\"\",\"publisher\":{\"@id\":\"https:\/\/www.npo.eu.com\/fr\/#organization\"},\"potentialAction\":[{\"@type\":\"SearchAction\",\"target\":{\"@type\":\"EntryPoint\",\"urlTemplate\":\"https:\/\/www.npo.eu.com\/fr\/?s={search_term_string}\"},\"query-input\":{\"@type\":\"PropertyValueSpecification\",\"valueRequired\":true,\"valueName\":\"search_term_string\"}}],\"inLanguage\":\"fr-FR\"},{\"@type\":\"Organization\",\"@id\":\"https:\/\/www.npo.eu.com\/fr\/#organization\",\"name\":\"Nuclear Power Outfitters, LLC\",\"url\":\"https:\/\/www.npo.eu.com\/fr\/\",\"logo\":{\"@type\":\"ImageObject\",\"inLanguage\":\"fr-FR\",\"@id\":\"https:\/\/www.npo.eu.com\/fr\/#\/schema\/logo\/image\/\",\"url\":\"https:\/\/www.npo.eu.com\/wp-content\/uploads\/2024\/07\/NPO_Icon-696.png\",\"contentUrl\":\"https:\/\/www.npo.eu.com\/wp-content\/uploads\/2024\/07\/NPO_Icon-696.png\",\"width\":696,\"height\":696,\"caption\":\"Nuclear Power Outfitters, LLC\"},\"image\":{\"@id\":\"https:\/\/www.npo.eu.com\/fr\/#\/schema\/logo\/image\/\"}}]}<\/script>\n<!-- \/ Yoast SEO plugin. -->","yoast_head_json":{"title":"Blindage neutronique | NPO Europe","description":"Les panneaux de protection en poly\u00e9thyl\u00e8ne bor\u00e9 solide sont construits avec des bords en onglet afin d'\u00e9liminer les interstices et les trous pour la fixation \u00e0 l'aide d'une attache, d'un mousqueton ou d'un crochet en S sur les mains courantes, etc.","robots":{"index":"index","follow":"follow","max-snippet":"max-snippet:-1","max-image-preview":"max-image-preview:large","max-video-preview":"max-video-preview:-1"},"canonical":"https:\/\/www.npo.eu.com\/fr\/specialise\/stockage-des-combustibles-uses-2\/blindage-neutronique\/","og_locale":"fr_FR","og_type":"article","og_title":"Blindage neutronique | NPO Europe","og_description":"Les panneaux de protection en poly\u00e9thyl\u00e8ne bor\u00e9 solide sont construits avec des bords en onglet afin d'\u00e9liminer les interstices et les trous pour la fixation \u00e0 l'aide d'une attache, d'un mousqueton ou d'un crochet en S sur les mains courantes, etc.","og_url":"https:\/\/www.npo.eu.com\/fr\/specialise\/stockage-des-combustibles-uses-2\/blindage-neutronique\/","og_site_name":"Nuclear Power Outfitters, LLC","article_modified_time":"2024-12-31T16:04:33+00:00","twitter_card":"summary_large_image","twitter_misc":{"Dur\u00e9e de lecture estim\u00e9e":"1 minute"},"schema":{"@context":"https:\/\/schema.org","@graph":[{"@type":"WebPage","@id":"https:\/\/www.npo.eu.com\/fr\/specialise\/stockage-des-combustibles-uses-2\/blindage-neutronique\/","url":"https:\/\/www.npo.eu.com\/fr\/specialise\/stockage-des-combustibles-uses-2\/blindage-neutronique\/","name":"Blindage neutronique | NPO Europe","isPartOf":{"@id":"https:\/\/www.npo.eu.com\/fr\/#website"},"datePublished":"2024-05-29T22:49:55+00:00","dateModified":"2024-12-31T16:04:33+00:00","description":"Les panneaux de protection en poly\u00e9thyl\u00e8ne bor\u00e9 solide sont construits avec des bords en onglet afin d'\u00e9liminer les interstices et les trous pour la fixation \u00e0 l'aide d'une attache, d'un mousqueton ou d'un crochet en S sur les mains courantes, etc.","breadcrumb":{"@id":"https:\/\/www.npo.eu.com\/fr\/specialise\/stockage-des-combustibles-uses-2\/blindage-neutronique\/#breadcrumb"},"inLanguage":"fr-FR","potentialAction":[{"@type":"ReadAction","target":["https:\/\/www.npo.eu.com\/fr\/specialise\/stockage-des-combustibles-uses-2\/blindage-neutronique\/"]}]},{"@type":"BreadcrumbList","@id":"https:\/\/www.npo.eu.com\/fr\/specialise\/stockage-des-combustibles-uses-2\/blindage-neutronique\/#breadcrumb","itemListElement":[{"@type":"ListItem","position":1,"name":"Home","item":"https:\/\/www.npo.eu.com\/fr\/"},{"@type":"ListItem","position":2,"name":"Sp\u00e9cialis\u00e9","item":"https:\/\/www.npo.eu.com\/fr\/specialise\/"},{"@type":"ListItem","position":3,"name":"Stockage des combustibles us\u00e9s","item":"http:\/\/www.npo.eu.com\/fr\/specialise\/stockage-des-combustibles-uses-2\/"},{"@type":"ListItem","position":4,"name":"Blindage neutronique"}]},{"@type":"WebSite","@id":"https:\/\/www.npo.eu.com\/fr\/#website","url":"https:\/\/www.npo.eu.com\/fr\/","name":"Nuclear Power Outfitters, LLC","description":"","publisher":{"@id":"https:\/\/www.npo.eu.com\/fr\/#organization"},"potentialAction":[{"@type":"SearchAction","target":{"@type":"EntryPoint","urlTemplate":"https:\/\/www.npo.eu.com\/fr\/?s={search_term_string}"},"query-input":{"@type":"PropertyValueSpecification","valueRequired":true,"valueName":"search_term_string"}}],"inLanguage":"fr-FR"},{"@type":"Organization","@id":"https:\/\/www.npo.eu.com\/fr\/#organization","name":"Nuclear Power Outfitters, LLC","url":"https:\/\/www.npo.eu.com\/fr\/","logo":{"@type":"ImageObject","inLanguage":"fr-FR","@id":"https:\/\/www.npo.eu.com\/fr\/#\/schema\/logo\/image\/","url":"https:\/\/www.npo.eu.com\/wp-content\/uploads\/2024\/07\/NPO_Icon-696.png","contentUrl":"https:\/\/www.npo.eu.com\/wp-content\/uploads\/2024\/07\/NPO_Icon-696.png","width":696,"height":696,"caption":"Nuclear Power Outfitters, LLC"},"image":{"@id":"https:\/\/www.npo.eu.com\/fr\/#\/schema\/logo\/image\/"}}]}},"_links":{"self":[{"href":"https:\/\/www.npo.eu.com\/fr\/wp-json\/wp\/v2\/pages\/30276","targetHints":{"allow":["GET"]}}],"collection":[{"href":"https:\/\/www.npo.eu.com\/fr\/wp-json\/wp\/v2\/pages"}],"about":[{"href":"https:\/\/www.npo.eu.com\/fr\/wp-json\/wp\/v2\/types\/page"}],"author":[{"embeddable":true,"href":"https:\/\/www.npo.eu.com\/fr\/wp-json\/wp\/v2\/users\/4"}],"replies":[{"embeddable":true,"href":"https:\/\/www.npo.eu.com\/fr\/wp-json\/wp\/v2\/comments?post=30276"}],"version-history":[{"count":0,"href":"https:\/\/www.npo.eu.com\/fr\/wp-json\/wp\/v2\/pages\/30276\/revisions"}],"up":[{"embeddable":true,"href":"https:\/\/www.npo.eu.com\/fr\/wp-json\/wp\/v2\/pages\/30296"}],"wp:attachment":[{"href":"https:\/\/www.npo.eu.com\/fr\/wp-json\/wp\/v2\/media?parent=30276"}],"curies":[{"name":"wp","href":"https:\/\/api.w.org\/{rel}","templated":true}]}}